{"id":14571,"date":"2017-04-22T09:20:13","date_gmt":"2017-04-22T07:20:13","guid":{"rendered":"http:\/\/ujpetre.hu\/wp\/palotai-traktormuzeum-2016-08-27\/"},"modified":"2017-04-22T09:20:13","modified_gmt":"2017-04-22T07:20:13","slug":"palotai-traktormuzeum-2016-08-27","status":"publish","type":"page","link":"https:\/\/ujpetre.hu\/wp\/palotai-traktormuzeum-2016-08-27\/","title":{"rendered":"Palotai Traktorm\u00fazeum 2016.08.27"},"content":{"rendered":"<!-- index.php -->\n<div\n\tclass=\"ngg-galleryoverview ngg-ajax-pagination-none\"\n\tid=\"ngg-gallery-a64173c67c825c7d20cc3c03840ff195-1\">\n\n    \t<div class=\"slideshowlink\">\n        <a href='https:\/\/ujpetre.hu\/wp\/palotai-traktormuzeum-2016-08-27\/nggallery\/slideshow'>[Show slideshow]<\/a>\n\t\t\n\t<\/div>\n\t\t\t<!-- Thumbnails -->\n\t\t\t\t<div id=\"ngg-image-0\" class=\"ngg-gallery-thumbnail-box\" >\n\t\t\t\t        <div class=\"ngg-gallery-thumbnail\">\n            <a href=\"https:\/\/ujpetre.hu\/wp\/wp-content\/gallery\/Palotai-Traktorm%C3%BAzeum-2016.08.27\/IMG_6255.jpg\"\n               title=\"\"\n               data-src=\"https:\/\/ujpetre.hu\/wp\/wp-content\/gallery\/Palotai-Traktorm%C3%BAzeum-2016.08.27\/IMG_6255.jpg\"\n               data-thumbnail=\"https:\/\/ujpetre.hu\/wp\/wp-content\/gallery\/Palotai-Traktorm%C3%BAzeum-2016.08.27\/thumbs\/thumbs_IMG_6255.jpg\"\n               data-image-id=\"5920\"\n               data-title=\"IMG_6255\"\n               data-description=\"\"\n               data-image-slug=\"img_6255\"\n               class=\"ngg-fancybox\" rel=\"a64173c67c825c7d20cc3c03840ff195\">\n                <img\n                    title=\"IMG_6255\"\n                    alt=\"IMG_6255\"\n                    src=\"https:\/\/ujpetre.hu\/wp\/wp-content\/gallery\/Palotai-Traktorm%C3%BAzeum-2016.08.27\/thumbs\/thumbs_IMG_6255.jpg\"\n                    width=\"120\"\n                    height=\"90\"\n                    style=\"max-width:100%;\"\n                \/>\n            <\/a>\n        <\/div>\n\t\t\t\t\t\t\t<\/div> \n\t\t\t\n        \n\t\t\t\t<div id=\"ngg-image-1\" class=\"ngg-gallery-thumbnail-box\" >\n\t\t\t\t        <div class=\"ngg-gallery-thumbnail\">\n            <a href=\"https:\/\/ujpetre.hu\/wp\/wp-content\/gallery\/Palotai-Traktorm%C3%BAzeum-2016.08.27\/IMG_6256.jpg\"\n               title=\"\"\n               data-src=\"https:\/\/ujpetre.hu\/wp\/wp-content\/gallery\/Palotai-Traktorm%C3%BAzeum-2016.08.27\/IMG_6256.jpg\"\n               data-thumbnail=\"https:\/\/ujpetre.hu\/wp\/wp-content\/gallery\/Palotai-Traktorm%C3%BAzeum-2016.08.27\/thumbs\/thumbs_IMG_6256.jpg\"\n               data-image-id=\"5921\"\n               data-title=\"IMG_6256\"\n               data-description=\"\"\n               data-image-slug=\"img_6256\"\n               class=\"ngg-fancybox\" rel=\"a64173c67c825c7d20cc3c03840ff195\">\n                <img\n                    title=\"IMG_6256\"\n                    alt=\"IMG_6256\"\n                    src=\"https:\/\/ujpetre.hu\/wp\/wp-content\/gallery\/Palotai-Traktorm%C3%BAzeum-2016.08.27\/thumbs\/thumbs_IMG_6256.jpg\"\n                    width=\"120\"\n                    height=\"90\"\n                    style=\"max-width:100%;\"\n                \/>\n            <\/a>\n        <\/div>\n\t\t\t\t\t\t\t<\/div> \n\t\t\t\n        \n\t\t\t\t<div id=\"ngg-image-2\" class=\"ngg-gallery-thumbnail-box\" >\n\t\t\t\t        <div class=\"ngg-gallery-thumbnail\">\n            <a href=\"https:\/\/ujpetre.hu\/wp\/wp-content\/gallery\/Palotai-Traktorm%C3%BAzeum-2016.08.27\/IMG_6257.jpg\"\n               title=\"\"\n               data-src=\"https:\/\/ujpetre.hu\/wp\/wp-content\/gallery\/Palotai-Traktorm%C3%BAzeum-2016.08.27\/IMG_6257.jpg\"\n               data-thumbnail=\"https:\/\/ujpetre.hu\/wp\/wp-content\/gallery\/Palotai-Traktorm%C3%BAzeum-2016.08.27\/thumbs\/thumbs_IMG_6257.jpg\"\n               data-image-id=\"5922\"\n               data-title=\"IMG_6257\"\n               data-description=\"\"\n               data-image-slug=\"img_6257\"\n               class=\"ngg-fancybox\" rel=\"a64173c67c825c7d20cc3c03840ff195\">\n                <img\n                    title=\"IMG_6257\"\n                    alt=\"IMG_6257\"\n                    src=\"https:\/\/ujpetre.hu\/wp\/wp-content\/gallery\/Palotai-Traktorm%C3%BAzeum-2016.08.27\/thumbs\/thumbs_IMG_6257.jpg\"\n                    width=\"120\"\n                    height=\"90\"\n                    style=\"max-width:100%;\"\n                \/>\n            <\/a>\n        <\/div>\n\t\t\t\t\t\t\t<\/div> \n\t\t\t\n        \n\t\t\t\t<div id=\"ngg-image-3\" class=\"ngg-gallery-thumbnail-box\" >\n\t\t\t\t        <div class=\"ngg-gallery-thumbnail\">\n            <a href=\"https:\/\/ujpetre.hu\/wp\/wp-content\/gallery\/Palotai-Traktorm%C3%BAzeum-2016.08.27\/IMG_6249.jpg\"\n               title=\"\"\n               data-src=\"https:\/\/ujpetre.hu\/wp\/wp-content\/gallery\/Palotai-Traktorm%C3%BAzeum-2016.08.27\/IMG_6249.jpg\"\n               data-thumbnail=\"https:\/\/ujpetre.hu\/wp\/wp-content\/gallery\/Palotai-Traktorm%C3%BAzeum-2016.08.27\/thumbs\/thumbs_IMG_6249.jpg\"\n               data-image-id=\"5923\"\n               data-title=\"IMG_6249\"\n               data-description=\"\"\n               data-image-slug=\"img_6249\"\n               class=\"ngg-fancybox\" rel=\"a64173c67c825c7d20cc3c03840ff195\">\n                <img\n                    title=\"IMG_6249\"\n                    alt=\"IMG_6249\"\n                    src=\"https:\/\/ujpetre.hu\/wp\/wp-content\/gallery\/Palotai-Traktorm%C3%BAzeum-2016.08.27\/thumbs\/thumbs_IMG_6249.jpg\"\n                    width=\"120\"\n                    height=\"90\"\n                    style=\"max-width:100%;\"\n                \/>\n            <\/a>\n        <\/div>\n\t\t\t\t\t\t\t<\/div> \n\t\t\t\n        \n\t\t\t\t<div id=\"ngg-image-4\" class=\"ngg-gallery-thumbnail-box\" >\n\t\t\t\t        <div class=\"ngg-gallery-thumbnail\">\n            <a href=\"https:\/\/ujpetre.hu\/wp\/wp-content\/gallery\/Palotai-Traktorm%C3%BAzeum-2016.08.27\/IMG_6250.jpg\"\n               title=\"\"\n               data-src=\"https:\/\/ujpetre.hu\/wp\/wp-content\/gallery\/Palotai-Traktorm%C3%BAzeum-2016.08.27\/IMG_6250.jpg\"\n               data-thumbnail=\"https:\/\/ujpetre.hu\/wp\/wp-content\/gallery\/Palotai-Traktorm%C3%BAzeum-2016.08.27\/thumbs\/thumbs_IMG_6250.jpg\"\n               data-image-id=\"5924\"\n               data-title=\"IMG_6250\"\n               data-description=\"\"\n               data-image-slug=\"img_6250\"\n               class=\"ngg-fancybox\" rel=\"a64173c67c825c7d20cc3c03840ff195\">\n                <img\n                    title=\"IMG_6250\"\n                    alt=\"IMG_6250\"\n                    src=\"https:\/\/ujpetre.hu\/wp\/wp-content\/gallery\/Palotai-Traktorm%C3%BAzeum-2016.08.27\/thumbs\/thumbs_IMG_6250.jpg\"\n                    width=\"120\"\n                    height=\"90\"\n                    style=\"max-width:100%;\"\n                \/>\n            <\/a>\n        <\/div>\n\t\t\t\t\t\t\t<\/div> \n\t\t\t\n        \n\t\t\t\t<div id=\"ngg-image-5\" class=\"ngg-gallery-thumbnail-box\" >\n\t\t\t\t        <div class=\"ngg-gallery-thumbnail\">\n            <a href=\"https:\/\/ujpetre.hu\/wp\/wp-content\/gallery\/Palotai-Traktorm%C3%BAzeum-2016.08.27\/IMG_6251.jpg\"\n               title=\"\"\n               data-src=\"https:\/\/ujpetre.hu\/wp\/wp-content\/gallery\/Palotai-Traktorm%C3%BAzeum-2016.08.27\/IMG_6251.jpg\"\n               data-thumbnail=\"https:\/\/ujpetre.hu\/wp\/wp-content\/gallery\/Palotai-Traktorm%C3%BAzeum-2016.08.27\/thumbs\/thumbs_IMG_6251.jpg\"\n               data-image-id=\"5925\"\n               data-title=\"IMG_6251\"\n               data-description=\"\"\n               data-image-slug=\"img_6251\"\n               class=\"ngg-fancybox\" rel=\"a64173c67c825c7d20cc3c03840ff195\">\n                <img\n                    title=\"IMG_6251\"\n                    alt=\"IMG_6251\"\n                    src=\"https:\/\/ujpetre.hu\/wp\/wp-content\/gallery\/Palotai-Traktorm%C3%BAzeum-2016.08.27\/thumbs\/thumbs_IMG_6251.jpg\"\n                    width=\"120\"\n                    height=\"90\"\n                    style=\"max-width:100%;\"\n                \/>\n            <\/a>\n        <\/div>\n\t\t\t\t\t\t\t<\/div> \n\t\t\t\n        \n\t\t\t\t<div id=\"ngg-image-6\" class=\"ngg-gallery-thumbnail-box\" >\n\t\t\t\t        <div class=\"ngg-gallery-thumbnail\">\n            <a href=\"https:\/\/ujpetre.hu\/wp\/wp-content\/gallery\/Palotai-Traktorm%C3%BAzeum-2016.08.27\/IMG_6252.jpg\"\n               title=\"\"\n               data-src=\"https:\/\/ujpetre.hu\/wp\/wp-content\/gallery\/Palotai-Traktorm%C3%BAzeum-2016.08.27\/IMG_6252.jpg\"\n               data-thumbnail=\"https:\/\/ujpetre.hu\/wp\/wp-content\/gallery\/Palotai-Traktorm%C3%BAzeum-2016.08.27\/thumbs\/thumbs_IMG_6252.jpg\"\n               data-image-id=\"5926\"\n               data-title=\"IMG_6252\"\n               data-description=\"\"\n               data-image-slug=\"img_6252\"\n               class=\"ngg-fancybox\" rel=\"a64173c67c825c7d20cc3c03840ff195\">\n                <img\n                    title=\"IMG_6252\"\n                    alt=\"IMG_6252\"\n                    src=\"https:\/\/ujpetre.hu\/wp\/wp-content\/gallery\/Palotai-Traktorm%C3%BAzeum-2016.08.27\/thumbs\/thumbs_IMG_6252.jpg\"\n                    width=\"120\"\n                    height=\"90\"\n                    style=\"max-width:100%;\"\n                \/>\n            <\/a>\n        <\/div>\n\t\t\t\t\t\t\t<\/div> \n\t\t\t\n        \n\t\t\t\t<div id=\"ngg-image-7\" class=\"ngg-gallery-thumbnail-box\" >\n\t\t\t\t        <div class=\"ngg-gallery-thumbnail\">\n            <a href=\"https:\/\/ujpetre.hu\/wp\/wp-content\/gallery\/Palotai-Traktorm%C3%BAzeum-2016.08.27\/IMG_6253.jpg\"\n               title=\"\"\n               data-src=\"https:\/\/ujpetre.hu\/wp\/wp-content\/gallery\/Palotai-Traktorm%C3%BAzeum-2016.08.27\/IMG_6253.jpg\"\n               data-thumbnail=\"https:\/\/ujpetre.hu\/wp\/wp-content\/gallery\/Palotai-Traktorm%C3%BAzeum-2016.08.27\/thumbs\/thumbs_IMG_6253.jpg\"\n               data-image-id=\"5927\"\n               data-title=\"IMG_6253\"\n               data-description=\"\"\n               data-image-slug=\"img_6253\"\n               class=\"ngg-fancybox\" rel=\"a64173c67c825c7d20cc3c03840ff195\">\n                <img\n                    title=\"IMG_6253\"\n                    alt=\"IMG_6253\"\n                    src=\"https:\/\/ujpetre.hu\/wp\/wp-content\/gallery\/Palotai-Traktorm%C3%BAzeum-2016.08.27\/thumbs\/thumbs_IMG_6253.jpg\"\n                    width=\"120\"\n                    height=\"90\"\n                    style=\"max-width:100%;\"\n                \/>\n            <\/a>\n        <\/div>\n\t\t\t\t\t\t\t<\/div> \n\t\t\t\n        \n\t\t\t\t<div id=\"ngg-image-8\" class=\"ngg-gallery-thumbnail-box\" >\n\t\t\t\t        <div class=\"ngg-gallery-thumbnail\">\n            <a href=\"https:\/\/ujpetre.hu\/wp\/wp-content\/gallery\/Palotai-Traktorm%C3%BAzeum-2016.08.27\/IMG_6254.jpg\"\n               title=\"\"\n               data-src=\"https:\/\/ujpetre.hu\/wp\/wp-content\/gallery\/Palotai-Traktorm%C3%BAzeum-2016.08.27\/IMG_6254.jpg\"\n               data-thumbnail=\"https:\/\/ujpetre.hu\/wp\/wp-content\/gallery\/Palotai-Traktorm%C3%BAzeum-2016.08.27\/thumbs\/thumbs_IMG_6254.jpg\"\n               data-image-id=\"5928\"\n               data-title=\"IMG_6254\"\n               data-description=\"\"\n               data-image-slug=\"img_6254\"\n               class=\"ngg-fancybox\" rel=\"a64173c67c825c7d20cc3c03840ff195\">\n                <img\n                    title=\"IMG_6254\"\n                    alt=\"IMG_6254\"\n                    src=\"https:\/\/ujpetre.hu\/wp\/wp-content\/gallery\/Palotai-Traktorm%C3%BAzeum-2016.08.27\/thumbs\/thumbs_IMG_6254.jpg\"\n                    width=\"120\"\n                    height=\"90\"\n                    style=\"max-width:100%;\"\n                \/>\n            <\/a>\n        <\/div>\n\t\t\t\t\t\t\t<\/div> \n\t\t\t\n        \n\t\t\t\t<div id=\"ngg-image-9\" class=\"ngg-gallery-thumbnail-box\" >\n\t\t\t\t        <div class=\"ngg-gallery-thumbnail\">\n            <a href=\"https:\/\/ujpetre.hu\/wp\/wp-content\/gallery\/Palotai-Traktorm%C3%BAzeum-2016.08.27\/IMG_6241.jpg\"\n               title=\"\"\n               data-src=\"https:\/\/ujpetre.hu\/wp\/wp-content\/gallery\/Palotai-Traktorm%C3%BAzeum-2016.08.27\/IMG_6241.jpg\"\n               data-thumbnail=\"https:\/\/ujpetre.hu\/wp\/wp-content\/gallery\/Palotai-Traktorm%C3%BAzeum-2016.08.27\/thumbs\/thumbs_IMG_6241.jpg\"\n               data-image-id=\"5929\"\n               data-title=\"IMG_6241\"\n               data-description=\"\"\n               data-image-slug=\"img_6241\"\n               class=\"ngg-fancybox\" rel=\"a64173c67c825c7d20cc3c03840ff195\">\n                <img\n                    title=\"IMG_6241\"\n                    alt=\"IMG_6241\"\n                    src=\"https:\/\/ujpetre.hu\/wp\/wp-content\/gallery\/Palotai-Traktorm%C3%BAzeum-2016.08.27\/thumbs\/thumbs_IMG_6241.jpg\"\n                    width=\"120\"\n                    height=\"90\"\n                    style=\"max-width:100%;\"\n                \/>\n            <\/a>\n        <\/div>\n\t\t\t\t\t\t\t<\/div> \n\t\t\t\n        \n\t\t\t\t<div id=\"ngg-image-10\" class=\"ngg-gallery-thumbnail-box\" >\n\t\t\t\t        <div class=\"ngg-gallery-thumbnail\">\n            <a href=\"https:\/\/ujpetre.hu\/wp\/wp-content\/gallery\/Palotai-Traktorm%C3%BAzeum-2016.08.27\/IMG_6242.jpg\"\n               title=\"\"\n               data-src=\"https:\/\/ujpetre.hu\/wp\/wp-content\/gallery\/Palotai-Traktorm%C3%BAzeum-2016.08.27\/IMG_6242.jpg\"\n               data-thumbnail=\"https:\/\/ujpetre.hu\/wp\/wp-content\/gallery\/Palotai-Traktorm%C3%BAzeum-2016.08.27\/thumbs\/thumbs_IMG_6242.jpg\"\n               data-image-id=\"5930\"\n               data-title=\"IMG_6242\"\n               data-description=\"\"\n               data-image-slug=\"img_6242\"\n               class=\"ngg-fancybox\" rel=\"a64173c67c825c7d20cc3c03840ff195\">\n                <img\n                    title=\"IMG_6242\"\n                    alt=\"IMG_6242\"\n                    src=\"https:\/\/ujpetre.hu\/wp\/wp-content\/gallery\/Palotai-Traktorm%C3%BAzeum-2016.08.27\/thumbs\/thumbs_IMG_6242.jpg\"\n                    width=\"120\"\n                    height=\"90\"\n                    style=\"max-width:100%;\"\n                \/>\n            <\/a>\n        <\/div>\n\t\t\t\t\t\t\t<\/div> \n\t\t\t\n        \n\t\t\t\t<div id=\"ngg-image-11\" class=\"ngg-gallery-thumbnail-box\" >\n\t\t\t\t        <div class=\"ngg-gallery-thumbnail\">\n            <a href=\"https:\/\/ujpetre.hu\/wp\/wp-content\/gallery\/Palotai-Traktorm%C3%BAzeum-2016.08.27\/IMG_6243.jpg\"\n               title=\"\"\n               data-src=\"https:\/\/ujpetre.hu\/wp\/wp-content\/gallery\/Palotai-Traktorm%C3%BAzeum-2016.08.27\/IMG_6243.jpg\"\n               data-thumbnail=\"https:\/\/ujpetre.hu\/wp\/wp-content\/gallery\/Palotai-Traktorm%C3%BAzeum-2016.08.27\/thumbs\/thumbs_IMG_6243.jpg\"\n               data-image-id=\"5931\"\n               data-title=\"IMG_6243\"\n               data-description=\"\"\n               data-image-slug=\"img_6243\"\n               class=\"ngg-fancybox\" rel=\"a64173c67c825c7d20cc3c03840ff195\">\n                <img\n                    title=\"IMG_6243\"\n                    alt=\"IMG_6243\"\n                    src=\"https:\/\/ujpetre.hu\/wp\/wp-content\/gallery\/Palotai-Traktorm%C3%BAzeum-2016.08.27\/thumbs\/thumbs_IMG_6243.jpg\"\n                    width=\"120\"\n                    height=\"90\"\n                    style=\"max-width:100%;\"\n                \/>\n            <\/a>\n        <\/div>\n\t\t\t\t\t\t\t<\/div> \n\t\t\t\n        \n\t\t\t\t<div id=\"ngg-image-12\" class=\"ngg-gallery-thumbnail-box\" >\n\t\t\t\t        <div class=\"ngg-gallery-thumbnail\">\n            <a href=\"https:\/\/ujpetre.hu\/wp\/wp-content\/gallery\/Palotai-Traktorm%C3%BAzeum-2016.08.27\/IMG_6245.jpg\"\n               title=\"\"\n               data-src=\"https:\/\/ujpetre.hu\/wp\/wp-content\/gallery\/Palotai-Traktorm%C3%BAzeum-2016.08.27\/IMG_6245.jpg\"\n               data-thumbnail=\"https:\/\/ujpetre.hu\/wp\/wp-content\/gallery\/Palotai-Traktorm%C3%BAzeum-2016.08.27\/thumbs\/thumbs_IMG_6245.jpg\"\n               data-image-id=\"5932\"\n               data-title=\"IMG_6245\"\n               data-description=\"\"\n               data-image-slug=\"img_6245\"\n               class=\"ngg-fancybox\" rel=\"a64173c67c825c7d20cc3c03840ff195\">\n                <img\n                    title=\"IMG_6245\"\n                    alt=\"IMG_6245\"\n                    src=\"https:\/\/ujpetre.hu\/wp\/wp-content\/gallery\/Palotai-Traktorm%C3%BAzeum-2016.08.27\/thumbs\/thumbs_IMG_6245.jpg\"\n                    width=\"120\"\n                    height=\"90\"\n                    style=\"max-width:100%;\"\n                \/>\n            <\/a>\n        <\/div>\n\t\t\t\t\t\t\t<\/div> \n\t\t\t\n        \n\t\t\t\t<div id=\"ngg-image-13\" class=\"ngg-gallery-thumbnail-box\" >\n\t\t\t\t        <div class=\"ngg-gallery-thumbnail\">\n            <a href=\"https:\/\/ujpetre.hu\/wp\/wp-content\/gallery\/Palotai-Traktorm%C3%BAzeum-2016.08.27\/IMG_6246.jpg\"\n               title=\"\"\n               data-src=\"https:\/\/ujpetre.hu\/wp\/wp-content\/gallery\/Palotai-Traktorm%C3%BAzeum-2016.08.27\/IMG_6246.jpg\"\n               data-thumbnail=\"https:\/\/ujpetre.hu\/wp\/wp-content\/gallery\/Palotai-Traktorm%C3%BAzeum-2016.08.27\/thumbs\/thumbs_IMG_6246.jpg\"\n               data-image-id=\"5933\"\n               data-title=\"IMG_6246\"\n               data-description=\"\"\n               data-image-slug=\"img_6246\"\n               class=\"ngg-fancybox\" rel=\"a64173c67c825c7d20cc3c03840ff195\">\n                <img\n                    title=\"IMG_6246\"\n                    alt=\"IMG_6246\"\n                    src=\"https:\/\/ujpetre.hu\/wp\/wp-content\/gallery\/Palotai-Traktorm%C3%BAzeum-2016.08.27\/thumbs\/thumbs_IMG_6246.jpg\"\n                    width=\"120\"\n                    height=\"90\"\n                    style=\"max-width:100%;\"\n                \/>\n            <\/a>\n        <\/div>\n\t\t\t\t\t\t\t<\/div> \n\t\t\t\n        \n\t\t\t\t<div id=\"ngg-image-14\" class=\"ngg-gallery-thumbnail-box\" >\n\t\t\t\t        <div class=\"ngg-gallery-thumbnail\">\n            <a href=\"https:\/\/ujpetre.hu\/wp\/wp-content\/gallery\/Palotai-Traktorm%C3%BAzeum-2016.08.27\/IMG_6247.jpg\"\n               title=\"\"\n               data-src=\"https:\/\/ujpetre.hu\/wp\/wp-content\/gallery\/Palotai-Traktorm%C3%BAzeum-2016.08.27\/IMG_6247.jpg\"\n               data-thumbnail=\"https:\/\/ujpetre.hu\/wp\/wp-content\/gallery\/Palotai-Traktorm%C3%BAzeum-2016.08.27\/thumbs\/thumbs_IMG_6247.jpg\"\n               data-image-id=\"5934\"\n               data-title=\"IMG_6247\"\n               data-description=\"\"\n               data-image-slug=\"img_6247\"\n               class=\"ngg-fancybox\" rel=\"a64173c67c825c7d20cc3c03840ff195\">\n                <img\n                    title=\"IMG_6247\"\n                    alt=\"IMG_6247\"\n                    src=\"https:\/\/ujpetre.hu\/wp\/wp-content\/gallery\/Palotai-Traktorm%C3%BAzeum-2016.08.27\/thumbs\/thumbs_IMG_6247.jpg\"\n                    width=\"120\"\n                    height=\"90\"\n                    style=\"max-width:100%;\"\n                \/>\n            <\/a>\n        <\/div>\n\t\t\t\t\t\t\t<\/div> \n\t\t\t\n        \n\t\t\t\t<div id=\"ngg-image-15\" class=\"ngg-gallery-thumbnail-box\" >\n\t\t\t\t        <div class=\"ngg-gallery-thumbnail\">\n            <a href=\"https:\/\/ujpetre.hu\/wp\/wp-content\/gallery\/Palotai-Traktorm%C3%BAzeum-2016.08.27\/IMG_6248.jpg\"\n               title=\"\"\n               data-src=\"https:\/\/ujpetre.hu\/wp\/wp-content\/gallery\/Palotai-Traktorm%C3%BAzeum-2016.08.27\/IMG_6248.jpg\"\n               data-thumbnail=\"https:\/\/ujpetre.hu\/wp\/wp-content\/gallery\/Palotai-Traktorm%C3%BAzeum-2016.08.27\/thumbs\/thumbs_IMG_6248.jpg\"\n               data-image-id=\"5935\"\n               data-title=\"IMG_6248\"\n               data-description=\"\"\n               data-image-slug=\"img_6248\"\n               class=\"ngg-fancybox\" rel=\"a64173c67c825c7d20cc3c03840ff195\">\n                <img\n                    title=\"IMG_6248\"\n                    alt=\"IMG_6248\"\n                    src=\"https:\/\/ujpetre.hu\/wp\/wp-content\/gallery\/Palotai-Traktorm%C3%BAzeum-2016.08.27\/thumbs\/thumbs_IMG_6248.jpg\"\n                    width=\"120\"\n                    height=\"90\"\n                    style=\"max-width:100%;\"\n                \/>\n            <\/a>\n        <\/div>\n\t\t\t\t\t\t\t<\/div> \n\t\t\t\n        \n\t\t\n\t\t<!-- Pagination -->\n\t<div class='ngg-clear'><\/div>\t<\/div>\n\n","protected":false},"excerpt":{"rendered":"<p> &hellip; <a class=\"more-link\" href=\"https:\/\/ujpetre.hu\/wp\/palotai-traktormuzeum-2016-08-27\/\">Olvasd tov\u00e1bb <span class=\"meta-nav\">&rarr;<\/span><\/a><\/p>\n","protected":false},"author":3,"featured_media":0,"parent":0,"menu_order":0,"comment_status":"closed","ping_status":"closed","template":"","meta":{"ngg_post_thumbnail":0,"footnotes":""},"yoast_head":"<!-- This site is optimized with the Yoast SEO plugin v21.3 - https:\/\/yoast.com\/wordpress\/plugins\/seo\/ -->\n<title>Palotai Traktorm\u00fazeum 2016.08.27 - \u00daJPETRE<\/title>\n<meta name=\"robots\" content=\"index, follow, max-snippet:-1, max-image-preview:large, max-video-preview:-1\" \/>\n<link rel=\"canonical\" href=\"https:\/\/ujpetre.hu\/wp\/palotai-traktormuzeum-2016-08-27\/\" \/>\n<meta property=\"og:locale\" content=\"hu_HU\" \/>\n<meta property=\"og:type\" content=\"article\" \/>\n<meta property=\"og:title\" content=\"Palotai Traktorm\u00fazeum 2016.08.27 - \u00daJPETRE\" \/>\n<meta property=\"og:description\" content=\"&hellip; Olvasd tov\u00e1bb &rarr;\" \/>\n<meta property=\"og:url\" content=\"https:\/\/ujpetre.hu\/wp\/palotai-traktormuzeum-2016-08-27\/\" \/>\n<meta property=\"og:site_name\" content=\"\u00daJPETRE\" \/>\n<script type=\"application\/ld+json\" class=\"yoast-schema-graph\">{\"@context\":\"https:\/\/schema.org\",\"@graph\":[{\"@type\":\"WebPage\",\"@id\":\"https:\/\/ujpetre.hu\/wp\/palotai-traktormuzeum-2016-08-27\/\",\"url\":\"https:\/\/ujpetre.hu\/wp\/palotai-traktormuzeum-2016-08-27\/\",\"name\":\"Palotai Traktorm\u00fazeum 2016.08.27 - \u00daJPETRE\",\"isPartOf\":{\"@id\":\"https:\/\/ujpetre.hu\/wp\/#website\"},\"datePublished\":\"2017-04-22T07:20:13+00:00\",\"dateModified\":\"2017-04-22T07:20:13+00:00\",\"breadcrumb\":{\"@id\":\"https:\/\/ujpetre.hu\/wp\/palotai-traktormuzeum-2016-08-27\/#breadcrumb\"},\"inLanguage\":\"hu\",\"potentialAction\":[{\"@type\":\"ReadAction\",\"target\":[\"https:\/\/ujpetre.hu\/wp\/palotai-traktormuzeum-2016-08-27\/\"]}]},{\"@type\":\"BreadcrumbList\",\"@id\":\"https:\/\/ujpetre.hu\/wp\/palotai-traktormuzeum-2016-08-27\/#breadcrumb\",\"itemListElement\":[{\"@type\":\"ListItem\",\"position\":1,\"name\":\"Kezd\u0151lap\",\"item\":\"https:\/\/ujpetre.hu\/wp\/\"},{\"@type\":\"ListItem\",\"position\":2,\"name\":\"Palotai Traktorm\u00fazeum 2016.08.27\"}]},{\"@type\":\"WebSite\",\"@id\":\"https:\/\/ujpetre.hu\/wp\/#website\",\"url\":\"https:\/\/ujpetre.hu\/wp\/\",\"name\":\"\u00daJPETRE\",\"description\":\"Az \u00dajpetrei \u00d6nkorm\u00e1nyzat hivatalos weboldala\",\"potentialAction\":[{\"@type\":\"SearchAction\",\"target\":{\"@type\":\"EntryPoint\",\"urlTemplate\":\"https:\/\/ujpetre.hu\/wp\/?s={search_term_string}\"},\"query-input\":\"required name=search_term_string\"}],\"inLanguage\":\"hu\"}]}<\/script>\n<!-- \/ Yoast SEO plugin. -->","yoast_head_json":{"title":"Palotai Traktorm\u00fazeum 2016.08.27 - \u00daJPETRE","robots":{"index":"index","follow":"follow","max-snippet":"max-snippet:-1","max-image-preview":"max-image-preview:large","max-video-preview":"max-video-preview:-1"},"canonical":"https:\/\/ujpetre.hu\/wp\/palotai-traktormuzeum-2016-08-27\/","og_locale":"hu_HU","og_type":"article","og_title":"Palotai Traktorm\u00fazeum 2016.08.27 - \u00daJPETRE","og_description":"&hellip; Olvasd tov\u00e1bb &rarr;","og_url":"https:\/\/ujpetre.hu\/wp\/palotai-traktormuzeum-2016-08-27\/","og_site_name":"\u00daJPETRE","schema":{"@context":"https:\/\/schema.org","@graph":[{"@type":"WebPage","@id":"https:\/\/ujpetre.hu\/wp\/palotai-traktormuzeum-2016-08-27\/","url":"https:\/\/ujpetre.hu\/wp\/palotai-traktormuzeum-2016-08-27\/","name":"Palotai Traktorm\u00fazeum 2016.08.27 - \u00daJPETRE","isPartOf":{"@id":"https:\/\/ujpetre.hu\/wp\/#website"},"datePublished":"2017-04-22T07:20:13+00:00","dateModified":"2017-04-22T07:20:13+00:00","breadcrumb":{"@id":"https:\/\/ujpetre.hu\/wp\/palotai-traktormuzeum-2016-08-27\/#breadcrumb"},"inLanguage":"hu","potentialAction":[{"@type":"ReadAction","target":["https:\/\/ujpetre.hu\/wp\/palotai-traktormuzeum-2016-08-27\/"]}]},{"@type":"BreadcrumbList","@id":"https:\/\/ujpetre.hu\/wp\/palotai-traktormuzeum-2016-08-27\/#breadcrumb","itemListElement":[{"@type":"ListItem","position":1,"name":"Kezd\u0151lap","item":"https:\/\/ujpetre.hu\/wp\/"},{"@type":"ListItem","position":2,"name":"Palotai Traktorm\u00fazeum 2016.08.27"}]},{"@type":"WebSite","@id":"https:\/\/ujpetre.hu\/wp\/#website","url":"https:\/\/ujpetre.hu\/wp\/","name":"\u00daJPETRE","description":"Az \u00dajpetrei \u00d6nkorm\u00e1nyzat hivatalos weboldala","potentialAction":[{"@type":"SearchAction","target":{"@type":"EntryPoint","urlTemplate":"https:\/\/ujpetre.hu\/wp\/?s={search_term_string}"},"query-input":"required name=search_term_string"}],"inLanguage":"hu"}]}},"_links":{"self":[{"href":"https:\/\/ujpetre.hu\/wp\/wp-json\/wp\/v2\/pages\/14571"}],"collection":[{"href":"https:\/\/ujpetre.hu\/wp\/wp-json\/wp\/v2\/pages"}],"about":[{"href":"https:\/\/ujpetre.hu\/wp\/wp-json\/wp\/v2\/types\/page"}],"author":[{"embeddable":true,"href":"https:\/\/ujpetre.hu\/wp\/wp-json\/wp\/v2\/users\/3"}],"replies":[{"embeddable":true,"href":"https:\/\/ujpetre.hu\/wp\/wp-json\/wp\/v2\/comments?post=14571"}],"version-history":[{"count":0,"href":"https:\/\/ujpetre.hu\/wp\/wp-json\/wp\/v2\/pages\/14571\/revisions"}],"wp:attachment":[{"href":"https:\/\/ujpetre.hu\/wp\/wp-json\/wp\/v2\/media?parent=14571"}],"curies":[{"name":"wp","href":"https:\/\/api.w.org\/{rel}","templated":true}]}}