{"id":17562,"date":"2024-10-13T18:04:06","date_gmt":"2024-10-13T16:04:06","guid":{"rendered":"https:\/\/ujpetre.hu\/wp\/?page_id=17562"},"modified":"2024-10-13T18:10:13","modified_gmt":"2024-10-13T16:10:13","slug":"fuvoszenekar-blaskapelle","status":"publish","type":"page","link":"https:\/\/ujpetre.hu\/wp\/egyesuleteink\/nemet-nemzetisegi-tanccsoport-es-ifjusagi-fuvoszenekar\/fuvoszenekar-blaskapelle\/","title":{"rendered":"F\u00fav\u00f3szenekar \/ Blaskapelle"},"content":{"rendered":"<p>Az \u00dajpetrei N\u00e9met Nemzetis\u00e9gi Hagyom\u00e1ny\u0151rz\u0151 Egyes\u00fclet zenekara 1995-ben alakult ifj\u00fas\u00e1gi zenekark\u00e9nt, m\u00e1ra m\u00e1r feln\u0151tt\u00e9 v\u00e1ltak az akkori tagok \u00e9s sokan vel\u00fcnk is maradtak. A helyben oktat\u00e1ssal el\u00e9rhett\u00fck azt, hogy a kisiskol\u00e1s feln\u00f6vekv\u0151 nemzed\u00e9k is szerepet kap a zenekarban \u00e9s \u00edgy 17-25 f\u0151s a jelenlegi l\u00e9tsz\u00e1m.<br \/>\nReperto\u00e1runk f\u0151leg a hagyom\u00e1nyos n\u00e9met nemzetis\u00e9gi zen\u00e9t tartalmazza, de term\u00e9szetesen sz\u00edvesen j\u00e1tszunk f\u00fav\u00f3szenekarra \u00edrt modern darabokat, operetteket, sl\u00e1gereket is.<\/p>\n<p>Das Blaskapelle der Kulturverein \u00dajpetre wurde 1995 als Jugendorchester gegr\u00fcndet, aber inzwischen sind die Mitglieder erwachsen geworden und viele von ihnen sind bei uns geblieben. Durch den Unterricht vor Ort ist es uns gelungen, die j\u00fcngere Generation von Sch\u00fclern in das Orchester einzubinden, so dass die Zahl der Mitglieder derzeit zwischen 17 und 25 liegt.<br \/>\nUnser Repertoire besteht haupts\u00e4chlich aus traditioneller ungarndeutscher Blasmusik, aber nat\u00fcrlich spielen wir auch gerne moderne St\u00fccke f\u00fcr Blasorchester, Operetten und Schlager.<\/p>\n<p>A csoport pr\u00f3b\u00e1it minden h\u00e9tf\u0151n18 \u00e9s 20 \u00f3ra k\u00f6z\u00f6tt tartja \/ Wir proben jeden Montag von 18 bis 20 Uhr<\/p>\n\n\t\t<style type=\"text\/css\">\n\t\t\t#gallery-1 {\n\t\t\t\tmargin: auto;\n\t\t\t}\n\t\t\t#gallery-1 .gallery-item {\n\t\t\t\tfloat: left;\n\t\t\t\tmargin-top: 10px;\n\t\t\t\ttext-align: center;\n\t\t\t\twidth: 33%;\n\t\t\t}\n\t\t\t#gallery-1 img {\n\t\t\t\tborder: 2px solid #cfcfcf;\n\t\t\t}\n\t\t\t#gallery-1 .gallery-caption {\n\t\t\t\tmargin-left: 0;\n\t\t\t}\n\t\t\t\/* see gallery_shortcode() in wp-includes\/media.php *\/\n\t\t<\/style>\n\t\t<div id='gallery-1' class='gallery galleryid-17562 gallery-columns-3 gallery-size-thumbnail'><dl class='gallery-item'>\n\t\t\t<dt class='gallery-icon portrait'>\n\t\t\t\t<a href='https:\/\/ujpetre.hu\/wp\/egyesuleteink\/nemet-nemzetisegi-tanccsoport-es-ifjusagi-fuvoszenekar\/fuvoszenekar-blaskapelle\/image9\/'><img width=\"150\" height=\"150\" src=\"https:\/\/ujpetre.hu\/wp\/wp-content\/uploads\/2024\/10\/image9-150x150.png\" class=\"attachment-thumbnail size-thumbnail\" alt=\"\" decoding=\"async\" loading=\"lazy\" \/><\/a>\n\t\t\t<\/dt><\/dl><dl class='gallery-item'>\n\t\t\t<dt class='gallery-icon landscape'>\n\t\t\t\t<a href='https:\/\/ujpetre.hu\/wp\/egyesuleteink\/nemet-nemzetisegi-tanccsoport-es-ifjusagi-fuvoszenekar\/fuvoszenekar-blaskapelle\/image8\/'><img width=\"150\" height=\"150\" src=\"https:\/\/ujpetre.hu\/wp\/wp-content\/uploads\/2024\/10\/image8-150x150.png\" class=\"attachment-thumbnail size-thumbnail\" alt=\"\" decoding=\"async\" loading=\"lazy\" \/><\/a>\n\t\t\t<\/dt><\/dl><dl class='gallery-item'>\n\t\t\t<dt class='gallery-icon landscape'>\n\t\t\t\t<a href='https:\/\/ujpetre.hu\/wp\/egyesuleteink\/nemet-nemzetisegi-tanccsoport-es-ifjusagi-fuvoszenekar\/fuvoszenekar-blaskapelle\/image7\/'><img width=\"150\" height=\"150\" src=\"https:\/\/ujpetre.hu\/wp\/wp-content\/uploads\/2024\/10\/image7-150x150.png\" class=\"attachment-thumbnail size-thumbnail\" alt=\"\" decoding=\"async\" loading=\"lazy\" \/><\/a>\n\t\t\t<\/dt><\/dl><br style=\"clear: both\" \/><dl class='gallery-item'>\n\t\t\t<dt class='gallery-icon landscape'>\n\t\t\t\t<a href='https:\/\/ujpetre.hu\/wp\/egyesuleteink\/nemet-nemzetisegi-tanccsoport-es-ifjusagi-fuvoszenekar\/fuvoszenekar-blaskapelle\/image6\/'><img width=\"150\" height=\"150\" src=\"https:\/\/ujpetre.hu\/wp\/wp-content\/uploads\/2024\/10\/image6-150x150.png\" class=\"attachment-thumbnail size-thumbnail\" alt=\"\" decoding=\"async\" loading=\"lazy\" \/><\/a>\n\t\t\t<\/dt><\/dl>\n\t\t\t<br style='clear: both' \/>\n\t\t<\/div>\n\n<p>&nbsp;<\/p>\n","protected":false},"excerpt":{"rendered":"<p>Az \u00dajpetrei N\u00e9met Nemzetis\u00e9gi Hagyom\u00e1ny\u0151rz\u0151 Egyes\u00fclet zenekara 1995-ben alakult ifj\u00fas\u00e1gi zenekark\u00e9nt, m\u00e1ra m\u00e1r feln\u0151tt\u00e9 v\u00e1ltak az akkori tagok \u00e9s sokan vel\u00fcnk is maradtak. A helyben oktat\u00e1ssal el\u00e9rhett\u00fck azt, hogy a kisiskol\u00e1s feln\u00f6vekv\u0151 nemzed\u00e9k is szerepet kap a zenekarban \u00e9s \u00edgy &hellip; <a class=\"more-link\" href=\"https:\/\/ujpetre.hu\/wp\/egyesuleteink\/nemet-nemzetisegi-tanccsoport-es-ifjusagi-fuvoszenekar\/fuvoszenekar-blaskapelle\/\">Olvasd tov\u00e1bb <span class=\"meta-nav\">&rarr;<\/span><\/a><\/p>\n","protected":false},"author":6,"featured_media":0,"parent":397,"menu_order":0,"comment_status":"closed","ping_status":"closed","template":"","meta":{"ngg_post_thumbnail":0,"footnotes":""},"yoast_head":"<!-- This site is optimized with the Yoast SEO plugin v21.3 - https:\/\/yoast.com\/wordpress\/plugins\/seo\/ -->\n<title>F\u00fav\u00f3szenekar \/ Blaskapelle - \u00daJPETRE<\/title>\n<meta name=\"robots\" content=\"index, follow, max-snippet:-1, max-image-preview:large, max-video-preview:-1\" \/>\n<link rel=\"canonical\" href=\"https:\/\/ujpetre.hu\/wp\/egyesuleteink\/nemet-nemzetisegi-tanccsoport-es-ifjusagi-fuvoszenekar\/fuvoszenekar-blaskapelle\/\" \/>\n<meta property=\"og:locale\" content=\"hu_HU\" \/>\n<meta property=\"og:type\" content=\"article\" \/>\n<meta property=\"og:title\" content=\"F\u00fav\u00f3szenekar \/ Blaskapelle - \u00daJPETRE\" \/>\n<meta property=\"og:description\" content=\"Az \u00dajpetrei N\u00e9met Nemzetis\u00e9gi Hagyom\u00e1ny\u0151rz\u0151 Egyes\u00fclet zenekara 1995-ben alakult ifj\u00fas\u00e1gi zenekark\u00e9nt, m\u00e1ra m\u00e1r feln\u0151tt\u00e9 v\u00e1ltak az akkori tagok \u00e9s sokan vel\u00fcnk is maradtak. A helyben oktat\u00e1ssal el\u00e9rhett\u00fck azt, hogy a kisiskol\u00e1s feln\u00f6vekv\u0151 nemzed\u00e9k is szerepet kap a zenekarban \u00e9s \u00edgy &hellip; Olvasd tov\u00e1bb &rarr;\" \/>\n<meta property=\"og:url\" content=\"https:\/\/ujpetre.hu\/wp\/egyesuleteink\/nemet-nemzetisegi-tanccsoport-es-ifjusagi-fuvoszenekar\/fuvoszenekar-blaskapelle\/\" \/>\n<meta property=\"og:site_name\" content=\"\u00daJPETRE\" \/>\n<meta property=\"article:modified_time\" content=\"2024-10-13T16:10:13+00:00\" \/>\n<meta property=\"og:image\" content=\"http:\/\/ujpetre.hu\/wp\/wp-content\/uploads\/2024\/10\/image9-150x150.png\" \/>\n<meta name=\"twitter:label1\" content=\"Becs\u00fclt olvas\u00e1si id\u0151\" \/>\n\t<meta name=\"twitter:data1\" content=\"1 perc\" \/>\n<script type=\"application\/ld+json\" class=\"yoast-schema-graph\">{\"@context\":\"https:\/\/schema.org\",\"@graph\":[{\"@type\":\"WebPage\",\"@id\":\"https:\/\/ujpetre.hu\/wp\/egyesuleteink\/nemet-nemzetisegi-tanccsoport-es-ifjusagi-fuvoszenekar\/fuvoszenekar-blaskapelle\/\",\"url\":\"https:\/\/ujpetre.hu\/wp\/egyesuleteink\/nemet-nemzetisegi-tanccsoport-es-ifjusagi-fuvoszenekar\/fuvoszenekar-blaskapelle\/\",\"name\":\"F\u00fav\u00f3szenekar \/ Blaskapelle - \u00daJPETRE\",\"isPartOf\":{\"@id\":\"https:\/\/ujpetre.hu\/wp\/#website\"},\"datePublished\":\"2024-10-13T16:04:06+00:00\",\"dateModified\":\"2024-10-13T16:10:13+00:00\",\"breadcrumb\":{\"@id\":\"https:\/\/ujpetre.hu\/wp\/egyesuleteink\/nemet-nemzetisegi-tanccsoport-es-ifjusagi-fuvoszenekar\/fuvoszenekar-blaskapelle\/#breadcrumb\"},\"inLanguage\":\"hu\",\"potentialAction\":[{\"@type\":\"ReadAction\",\"target\":[\"https:\/\/ujpetre.hu\/wp\/egyesuleteink\/nemet-nemzetisegi-tanccsoport-es-ifjusagi-fuvoszenekar\/fuvoszenekar-blaskapelle\/\"]}]},{\"@type\":\"BreadcrumbList\",\"@id\":\"https:\/\/ujpetre.hu\/wp\/egyesuleteink\/nemet-nemzetisegi-tanccsoport-es-ifjusagi-fuvoszenekar\/fuvoszenekar-blaskapelle\/#breadcrumb\",\"itemListElement\":[{\"@type\":\"ListItem\",\"position\":1,\"name\":\"Kezd\u0151lap\",\"item\":\"https:\/\/ujpetre.hu\/wp\/\"},{\"@type\":\"ListItem\",\"position\":2,\"name\":\"Egyes\u00fcleteink\",\"item\":\"https:\/\/ujpetre.hu\/wp\/egyesuleteink\/\"},{\"@type\":\"ListItem\",\"position\":3,\"name\":\"\u00dajpetrei N\u00e9met Nemzetis\u00e9gi Hagyom\u00e1ny\u0151rz\u0151 Egyes\u00fclet\",\"item\":\"https:\/\/ujpetre.hu\/wp\/egyesuleteink\/nemet-nemzetisegi-tanccsoport-es-ifjusagi-fuvoszenekar\/\"},{\"@type\":\"ListItem\",\"position\":4,\"name\":\"F\u00fav\u00f3szenekar \/ Blaskapelle\"}]},{\"@type\":\"WebSite\",\"@id\":\"https:\/\/ujpetre.hu\/wp\/#website\",\"url\":\"https:\/\/ujpetre.hu\/wp\/\",\"name\":\"\u00daJPETRE\",\"description\":\"Az \u00dajpetrei \u00d6nkorm\u00e1nyzat hivatalos weboldala\",\"potentialAction\":[{\"@type\":\"SearchAction\",\"target\":{\"@type\":\"EntryPoint\",\"urlTemplate\":\"https:\/\/ujpetre.hu\/wp\/?s={search_term_string}\"},\"query-input\":\"required name=search_term_string\"}],\"inLanguage\":\"hu\"}]}<\/script>\n<!-- \/ Yoast SEO plugin. -->","yoast_head_json":{"title":"F\u00fav\u00f3szenekar \/ Blaskapelle - \u00daJPETRE","robots":{"index":"index","follow":"follow","max-snippet":"max-snippet:-1","max-image-preview":"max-image-preview:large","max-video-preview":"max-video-preview:-1"},"canonical":"https:\/\/ujpetre.hu\/wp\/egyesuleteink\/nemet-nemzetisegi-tanccsoport-es-ifjusagi-fuvoszenekar\/fuvoszenekar-blaskapelle\/","og_locale":"hu_HU","og_type":"article","og_title":"F\u00fav\u00f3szenekar \/ Blaskapelle - \u00daJPETRE","og_description":"Az \u00dajpetrei N\u00e9met Nemzetis\u00e9gi Hagyom\u00e1ny\u0151rz\u0151 Egyes\u00fclet zenekara 1995-ben alakult ifj\u00fas\u00e1gi zenekark\u00e9nt, m\u00e1ra m\u00e1r feln\u0151tt\u00e9 v\u00e1ltak az akkori tagok \u00e9s sokan vel\u00fcnk is maradtak. A helyben oktat\u00e1ssal el\u00e9rhett\u00fck azt, hogy a kisiskol\u00e1s feln\u00f6vekv\u0151 nemzed\u00e9k is szerepet kap a zenekarban \u00e9s \u00edgy &hellip; Olvasd tov\u00e1bb &rarr;","og_url":"https:\/\/ujpetre.hu\/wp\/egyesuleteink\/nemet-nemzetisegi-tanccsoport-es-ifjusagi-fuvoszenekar\/fuvoszenekar-blaskapelle\/","og_site_name":"\u00daJPETRE","article_modified_time":"2024-10-13T16:10:13+00:00","og_image":[{"url":"http:\/\/ujpetre.hu\/wp\/wp-content\/uploads\/2024\/10\/image9-150x150.png"}],"twitter_misc":{"Becs\u00fclt olvas\u00e1si id\u0151":"1 perc"},"schema":{"@context":"https:\/\/schema.org","@graph":[{"@type":"WebPage","@id":"https:\/\/ujpetre.hu\/wp\/egyesuleteink\/nemet-nemzetisegi-tanccsoport-es-ifjusagi-fuvoszenekar\/fuvoszenekar-blaskapelle\/","url":"https:\/\/ujpetre.hu\/wp\/egyesuleteink\/nemet-nemzetisegi-tanccsoport-es-ifjusagi-fuvoszenekar\/fuvoszenekar-blaskapelle\/","name":"F\u00fav\u00f3szenekar \/ Blaskapelle - \u00daJPETRE","isPartOf":{"@id":"https:\/\/ujpetre.hu\/wp\/#website"},"datePublished":"2024-10-13T16:04:06+00:00","dateModified":"2024-10-13T16:10:13+00:00","breadcrumb":{"@id":"https:\/\/ujpetre.hu\/wp\/egyesuleteink\/nemet-nemzetisegi-tanccsoport-es-ifjusagi-fuvoszenekar\/fuvoszenekar-blaskapelle\/#breadcrumb"},"inLanguage":"hu","potentialAction":[{"@type":"ReadAction","target":["https:\/\/ujpetre.hu\/wp\/egyesuleteink\/nemet-nemzetisegi-tanccsoport-es-ifjusagi-fuvoszenekar\/fuvoszenekar-blaskapelle\/"]}]},{"@type":"BreadcrumbList","@id":"https:\/\/ujpetre.hu\/wp\/egyesuleteink\/nemet-nemzetisegi-tanccsoport-es-ifjusagi-fuvoszenekar\/fuvoszenekar-blaskapelle\/#breadcrumb","itemListElement":[{"@type":"ListItem","position":1,"name":"Kezd\u0151lap","item":"https:\/\/ujpetre.hu\/wp\/"},{"@type":"ListItem","position":2,"name":"Egyes\u00fcleteink","item":"https:\/\/ujpetre.hu\/wp\/egyesuleteink\/"},{"@type":"ListItem","position":3,"name":"\u00dajpetrei N\u00e9met Nemzetis\u00e9gi Hagyom\u00e1ny\u0151rz\u0151 Egyes\u00fclet","item":"https:\/\/ujpetre.hu\/wp\/egyesuleteink\/nemet-nemzetisegi-tanccsoport-es-ifjusagi-fuvoszenekar\/"},{"@type":"ListItem","position":4,"name":"F\u00fav\u00f3szenekar \/ Blaskapelle"}]},{"@type":"WebSite","@id":"https:\/\/ujpetre.hu\/wp\/#website","url":"https:\/\/ujpetre.hu\/wp\/","name":"\u00daJPETRE","description":"Az \u00dajpetrei \u00d6nkorm\u00e1nyzat hivatalos weboldala","potentialAction":[{"@type":"SearchAction","target":{"@type":"EntryPoint","urlTemplate":"https:\/\/ujpetre.hu\/wp\/?s={search_term_string}"},"query-input":"required name=search_term_string"}],"inLanguage":"hu"}]}},"_links":{"self":[{"href":"https:\/\/ujpetre.hu\/wp\/wp-json\/wp\/v2\/pages\/17562"}],"collection":[{"href":"https:\/\/ujpetre.hu\/wp\/wp-json\/wp\/v2\/pages"}],"about":[{"href":"https:\/\/ujpetre.hu\/wp\/wp-json\/wp\/v2\/types\/page"}],"author":[{"embeddable":true,"href":"https:\/\/ujpetre.hu\/wp\/wp-json\/wp\/v2\/users\/6"}],"replies":[{"embeddable":true,"href":"https:\/\/ujpetre.hu\/wp\/wp-json\/wp\/v2\/comments?post=17562"}],"version-history":[{"count":4,"href":"https:\/\/ujpetre.hu\/wp\/wp-json\/wp\/v2\/pages\/17562\/revisions"}],"predecessor-version":[{"id":17597,"href":"https:\/\/ujpetre.hu\/wp\/wp-json\/wp\/v2\/pages\/17562\/revisions\/17597"}],"up":[{"embeddable":true,"href":"https:\/\/ujpetre.hu\/wp\/wp-json\/wp\/v2\/pages\/397"}],"wp:attachment":[{"href":"https:\/\/ujpetre.hu\/wp\/wp-json\/wp\/v2\/media?parent=17562"}],"curies":[{"name":"wp","href":"https:\/\/api.w.org\/{rel}","templated":true}]}}