{"id":17564,"date":"2024-10-13T16:06:41","date_gmt":"2024-10-13T14:06:41","guid":{"rendered":"https:\/\/ujpetre.hu\/wp\/?page_id=17564"},"modified":"2024-10-13T17:39:13","modified_gmt":"2024-10-13T15:39:13","slug":"egyesulet-nemet-nyelvu-oldal","status":"publish","type":"page","link":"https:\/\/ujpetre.hu\/wp\/egyesulet-nemet-nyelvu-oldal\/","title":{"rendered":"Was man \u00fcber unseren Verein wissen soll"},"content":{"rendered":"<p>Der Deutsche Kulturverein \u00dajpetre ist am 1991 gegr\u00fcndet worden. Er setzt sich aus Gruppen zusammen, die ungarndeutsche Traditionen pflegen, wie z. B. die unsere Tanzgruppe wo mehrere Generationen mittanzen, der Handarbeitskreis &#8222;Flei\u00dfige H\u00e4nde&#8221; und das Jugendblasorchester. Etwa 20-25 Auftritte pro Jahr erfordern ein straffes Programm und eine anspruchsvolle Arbeit von<br \/>\nMitgliedern und Lehrern, deshalb ist es uns wichtig, die noch seltenen original ungarndeutsche<br \/>\nGegenst\u00e4nde, Motive, Musik, T\u00e4nze und Kultur zu \u00fcben, zu bewahren und zu leben. Es war uns<br \/>\nwichtig, unsere urspr\u00fcngliche Tracht zu erhalten, sie lebendig zu machen, und sie zu tragen.<br \/>\nWir sind stolz auf das vom Verein, schon seit 14 Jahren organisierten Ferienlagers, es wurde \u00fcber die<br \/>\nJahre zu einem regionalen Lager, und die Teilnehmerzahl ist von den anf\u00e4nglichen 35 Kinder<br \/>\naufgrund der vielversprechenden Programme und des guten Geistes auf 92 angewachsen. Das Lager<br \/>\nist gepr\u00e4gt von ungarndeutscher Kultur, Geschichten, Traditionen, Anekdoten und Erinnerungen an<br \/>\ndie Vergangenheit, die wir von den noch aktiven \u00c4lteren h\u00f6ren und auch aufzeichnen. Das Lager ist<br \/>\ngepr\u00e4gt vom Ausprobieren aller Arten von Handwerk, von kreativer Arbeit.<br \/>\nWir proben jeweils 1-mal pro Woche f\u00fcr 2 Stunden.<br \/>\nWir freuen uns sehr, dass unser Jugendblasorchester seit 3 Jahren wieder mit gro\u00dfer Begeisterung<br \/>\nprobt und das wieder Musik unterrichtet wird. Wir verf\u00fcgen \u00fcber mehrere Jahrzehnte alte<br \/>\nNotenmaterial, das von den urspr\u00fcnglichen \u00f6rtlichen Orchestern \u00fcbriggeblieben ist. In der Kapelle<br \/>\nwirken mehrere Generationen mit, die Mitgliederzahl liegt bei 20-25.<br \/>\n3\u20134-mal im Jahr bereiten wir mit den Mitgliedern des Handwerkskreises Ausstellungen mit<br \/>\ntraditionellen und modernen Dekorations- und Gebrauchsgegenst\u00e4nden vor und organisieren<br \/>\nWorkshops f\u00fcr Kinderg\u00e4rten und Schulen.<br \/>\nUnsere Aktivit\u00e4ten und traditionellen Werke ziehen das Interesse der Umgebung und kleinerer<br \/>\nRegion auf sich.<br \/>\nDurch die Sammelarbeit des Vereins ist es uns gelungen, eine ungew\u00f6hnliche Sammlung zu schaffen,<br \/>\ndie &amp;quot;Gro\u00dfmotter K\u00fcche&amp;quot;, ein n\u00fctzliches kochbuchartiges Hilfsmittel f\u00fcr alle, die schw\u00e4bische<br \/>\nHausmannskost probieren und Erfahrungen in der K\u00fcche sammeln wollen. Die Exklusivit\u00e4t des Heftes<br \/>\nist, dass es im Dialekt und in ungarischer Sprache verfasst ist. Unser Kochbuch hat einen guten Ruf<br \/>\nerlangt und ist bereits im ganzen Land bekannt und verbreitet, und viele Menschen haben \u00fcber die<br \/>\nDeutsche Selbstverwaltungen Zugang zu ihm gefunden.<br \/>\nWir k\u00f6nnten uns nicht nur in mehreren Regionen des Landes, sondern auch schon im Ausland<br \/>\nbekanntmachen, so mehrmals in Deutschland, in Italien, und auch in Siebenb\u00fcrgen.<br \/>\nWir sind auch darauf Stolz, dass die Mitglieder auch nach Studium oder Hochzeit immer noch<br \/>\nmittanzen, oder zu uns zur\u00fcckkommen.<br \/>\nWir sind nat\u00fcrlich auch ein aktiver Bestandteil im Gesellschaftlichen Lebens unseres Dorfes.<\/p>\n<p>Vorsitzenderin des Vereins: Erdein\u00e9 Cs\u00fct\u00f6rt\u00f6k Teod\u00f3ra<\/p>\n<p>Leiter der Tanzgruppe und Choreograph: Feket\u00e9n\u00e9 Goron Ren\u00e1ta \u00e9s Fekete L\u00e1szl\u00f3<br \/>\nKapellmeister: Sz\u0151ke S\u00e1ndor<br \/>\nLeiter der Handwerkreises: Erd\u00e9lyi P\u00e9tern\u00e9, Butty S\u00e1ndorn\u00e9<\/p>\n<p>Unsere t\u00e4gliche Arbeit k\u00f6nnen Sie auf unsere <strong><a href=\"https:\/\/www.facebook.com\/nnhujpetre\">Facebook<\/a> <\/strong>Seite verfolgen.<\/p>\n<div id=\"attachment_17560\" style=\"width: 310px\" class=\"wp-caption alignleft\"><a href=\"https:\/\/ujpetre.hu\/wp\/egyesuleteink\/nemet-nemzetisegi-tanccsoport-es-ifjusagi-fuvoszenekar\/tanccsoport\/\"><img aria-describedby=\"caption-attachment-17560\" decoding=\"async\" loading=\"lazy\" class=\"wp-image-17560 size-medium\" src=\"http:\/\/ujpetre.hu\/wp\/wp-content\/uploads\/2024\/10\/Honlapra-tanccsoport-300x200.jpg\" alt=\"\" width=\"300\" height=\"200\" srcset=\"https:\/\/ujpetre.hu\/wp\/wp-content\/uploads\/2024\/10\/Honlapra-tanccsoport-300x200.jpg 300w, https:\/\/ujpetre.hu\/wp\/wp-content\/uploads\/2024\/10\/Honlapra-tanccsoport-1024x684.jpg 1024w, https:\/\/ujpetre.hu\/wp\/wp-content\/uploads\/2024\/10\/Honlapra-tanccsoport-768x513.jpg 768w, https:\/\/ujpetre.hu\/wp\/wp-content\/uploads\/2024\/10\/Honlapra-tanccsoport-449x300.jpg 449w, https:\/\/ujpetre.hu\/wp\/wp-content\/uploads\/2024\/10\/Honlapra-tanccsoport.jpg 1080w\" sizes=\"(max-width: 300px) 100vw, 300px\" \/><\/a><p id=\"caption-attachment-17560\" class=\"wp-caption-text\">Tanzgruppe<\/p><\/div>\n<p>&nbsp;<\/p>\n<p>&nbsp;<\/p>\n<p>&nbsp;<\/p>\n<p>&nbsp;<\/p>\n<p>&nbsp;<\/p>\n<p>&nbsp;<\/p>\n<div id=\"attachment_17561\" style=\"width: 310px\" class=\"wp-caption aligncenter\"><a href=\"https:\/\/ujpetre.hu\/wp\/?page_id=17562&amp;preview=true\"><img aria-describedby=\"caption-attachment-17561\" decoding=\"async\" loading=\"lazy\" class=\"wp-image-17561 size-medium\" src=\"http:\/\/ujpetre.hu\/wp\/wp-content\/uploads\/2024\/10\/Honlapra-zenekar-300x112.jpg\" alt=\"\" width=\"300\" height=\"112\" srcset=\"https:\/\/ujpetre.hu\/wp\/wp-content\/uploads\/2024\/10\/Honlapra-zenekar-300x112.jpg 300w, https:\/\/ujpetre.hu\/wp\/wp-content\/uploads\/2024\/10\/Honlapra-zenekar-1024x383.jpg 1024w, https:\/\/ujpetre.hu\/wp\/wp-content\/uploads\/2024\/10\/Honlapra-zenekar-768x287.jpg 768w, https:\/\/ujpetre.hu\/wp\/wp-content\/uploads\/2024\/10\/Honlapra-zenekar-1536x574.jpg 1536w, https:\/\/ujpetre.hu\/wp\/wp-content\/uploads\/2024\/10\/Honlapra-zenekar-500x187.jpg 500w, https:\/\/ujpetre.hu\/wp\/wp-content\/uploads\/2024\/10\/Honlapra-zenekar.jpg 2048w\" sizes=\"(max-width: 300px) 100vw, 300px\" \/><\/a><p id=\"caption-attachment-17561\" class=\"wp-caption-text\">Blaskapelle<\/p><\/div>\n<div id=\"attachment_17567\" style=\"width: 310px\" class=\"wp-caption alignright\"><a href=\"https:\/\/ujpetre.hu\/wp\/?page_id=17569&amp;preview=true\"><img aria-describedby=\"caption-attachment-17567\" decoding=\"async\" loading=\"lazy\" class=\"wp-image-17567 size-medium\" src=\"http:\/\/ujpetre.hu\/wp\/wp-content\/uploads\/2024\/10\/Szorgos-kezek-honlapra-300x225.png\" alt=\"\" width=\"300\" height=\"225\" srcset=\"https:\/\/ujpetre.hu\/wp\/wp-content\/uploads\/2024\/10\/Szorgos-kezek-honlapra-300x225.png 300w, https:\/\/ujpetre.hu\/wp\/wp-content\/uploads\/2024\/10\/Szorgos-kezek-honlapra.png 320w\" sizes=\"(max-width: 300px) 100vw, 300px\" \/><\/a><p id=\"caption-attachment-17567\" class=\"wp-caption-text\">Flei\u00dfige H\u00e4nde<\/p><\/div>\n","protected":false},"excerpt":{"rendered":"<p>Der Deutsche Kulturverein \u00dajpetre ist am 1991 gegr\u00fcndet worden. Er setzt sich aus Gruppen zusammen, die ungarndeutsche Traditionen pflegen, wie z. B. die unsere Tanzgruppe wo mehrere Generationen mittanzen, der Handarbeitskreis &#8222;Flei\u00dfige H\u00e4nde&#8221; und das Jugendblasorchester. Etwa 20-25 Auftritte pro &hellip; <a class=\"more-link\" href=\"https:\/\/ujpetre.hu\/wp\/egyesulet-nemet-nyelvu-oldal\/\">Olvasd tov\u00e1bb <span class=\"meta-nav\">&rarr;<\/span><\/a><\/p>\n","protected":false},"author":6,"featured_media":0,"parent":0,"menu_order":0,"comment_status":"closed","ping_status":"closed","template":"","meta":{"ngg_post_thumbnail":0,"footnotes":""},"yoast_head":"<!-- This site is optimized with the Yoast SEO plugin v21.3 - https:\/\/yoast.com\/wordpress\/plugins\/seo\/ -->\n<title>Was man \u00fcber unseren Verein wissen soll - \u00daJPETRE<\/title>\n<meta name=\"robots\" content=\"index, follow, max-snippet:-1, max-image-preview:large, max-video-preview:-1\" \/>\n<link rel=\"canonical\" href=\"https:\/\/ujpetre.hu\/wp\/egyesulet-nemet-nyelvu-oldal\/\" \/>\n<meta property=\"og:locale\" content=\"hu_HU\" \/>\n<meta property=\"og:type\" content=\"article\" \/>\n<meta property=\"og:title\" content=\"Was man \u00fcber unseren Verein wissen soll - \u00daJPETRE\" \/>\n<meta property=\"og:description\" content=\"Der Deutsche Kulturverein \u00dajpetre ist am 1991 gegr\u00fcndet worden. Er setzt sich aus Gruppen zusammen, die ungarndeutsche Traditionen pflegen, wie z. B. die unsere Tanzgruppe wo mehrere Generationen mittanzen, der Handarbeitskreis &#8222;Flei\u00dfige H\u00e4nde&#8221; und das Jugendblasorchester. Etwa 20-25 Auftritte pro &hellip; Olvasd tov\u00e1bb &rarr;\" \/>\n<meta property=\"og:url\" content=\"https:\/\/ujpetre.hu\/wp\/egyesulet-nemet-nyelvu-oldal\/\" \/>\n<meta property=\"og:site_name\" content=\"\u00daJPETRE\" \/>\n<meta property=\"article:modified_time\" content=\"2024-10-13T15:39:13+00:00\" \/>\n<meta property=\"og:image\" content=\"http:\/\/ujpetre.hu\/wp\/wp-content\/uploads\/2024\/10\/Honlapra-tanccsoport-300x200.jpg\" \/>\n<meta name=\"twitter:label1\" content=\"Becs\u00fclt olvas\u00e1si id\u0151\" \/>\n\t<meta name=\"twitter:data1\" content=\"4 perc\" \/>\n<script type=\"application\/ld+json\" class=\"yoast-schema-graph\">{\"@context\":\"https:\/\/schema.org\",\"@graph\":[{\"@type\":\"WebPage\",\"@id\":\"https:\/\/ujpetre.hu\/wp\/egyesulet-nemet-nyelvu-oldal\/\",\"url\":\"https:\/\/ujpetre.hu\/wp\/egyesulet-nemet-nyelvu-oldal\/\",\"name\":\"Was man \u00fcber unseren Verein wissen soll - \u00daJPETRE\",\"isPartOf\":{\"@id\":\"https:\/\/ujpetre.hu\/wp\/#website\"},\"datePublished\":\"2024-10-13T14:06:41+00:00\",\"dateModified\":\"2024-10-13T15:39:13+00:00\",\"breadcrumb\":{\"@id\":\"https:\/\/ujpetre.hu\/wp\/egyesulet-nemet-nyelvu-oldal\/#breadcrumb\"},\"inLanguage\":\"hu\",\"potentialAction\":[{\"@type\":\"ReadAction\",\"target\":[\"https:\/\/ujpetre.hu\/wp\/egyesulet-nemet-nyelvu-oldal\/\"]}]},{\"@type\":\"BreadcrumbList\",\"@id\":\"https:\/\/ujpetre.hu\/wp\/egyesulet-nemet-nyelvu-oldal\/#breadcrumb\",\"itemListElement\":[{\"@type\":\"ListItem\",\"position\":1,\"name\":\"Kezd\u0151lap\",\"item\":\"https:\/\/ujpetre.hu\/wp\/\"},{\"@type\":\"ListItem\",\"position\":2,\"name\":\"Was man \u00fcber unseren Verein wissen soll\"}]},{\"@type\":\"WebSite\",\"@id\":\"https:\/\/ujpetre.hu\/wp\/#website\",\"url\":\"https:\/\/ujpetre.hu\/wp\/\",\"name\":\"\u00daJPETRE\",\"description\":\"Az \u00dajpetrei \u00d6nkorm\u00e1nyzat hivatalos weboldala\",\"potentialAction\":[{\"@type\":\"SearchAction\",\"target\":{\"@type\":\"EntryPoint\",\"urlTemplate\":\"https:\/\/ujpetre.hu\/wp\/?s={search_term_string}\"},\"query-input\":\"required name=search_term_string\"}],\"inLanguage\":\"hu\"}]}<\/script>\n<!-- \/ Yoast SEO plugin. -->","yoast_head_json":{"title":"Was man \u00fcber unseren Verein wissen soll - \u00daJPETRE","robots":{"index":"index","follow":"follow","max-snippet":"max-snippet:-1","max-image-preview":"max-image-preview:large","max-video-preview":"max-video-preview:-1"},"canonical":"https:\/\/ujpetre.hu\/wp\/egyesulet-nemet-nyelvu-oldal\/","og_locale":"hu_HU","og_type":"article","og_title":"Was man \u00fcber unseren Verein wissen soll - \u00daJPETRE","og_description":"Der Deutsche Kulturverein \u00dajpetre ist am 1991 gegr\u00fcndet worden. Er setzt sich aus Gruppen zusammen, die ungarndeutsche Traditionen pflegen, wie z. B. die unsere Tanzgruppe wo mehrere Generationen mittanzen, der Handarbeitskreis &#8222;Flei\u00dfige H\u00e4nde&#8221; und das Jugendblasorchester. Etwa 20-25 Auftritte pro &hellip; Olvasd tov\u00e1bb &rarr;","og_url":"https:\/\/ujpetre.hu\/wp\/egyesulet-nemet-nyelvu-oldal\/","og_site_name":"\u00daJPETRE","article_modified_time":"2024-10-13T15:39:13+00:00","og_image":[{"url":"http:\/\/ujpetre.hu\/wp\/wp-content\/uploads\/2024\/10\/Honlapra-tanccsoport-300x200.jpg"}],"twitter_misc":{"Becs\u00fclt olvas\u00e1si id\u0151":"4 perc"},"schema":{"@context":"https:\/\/schema.org","@graph":[{"@type":"WebPage","@id":"https:\/\/ujpetre.hu\/wp\/egyesulet-nemet-nyelvu-oldal\/","url":"https:\/\/ujpetre.hu\/wp\/egyesulet-nemet-nyelvu-oldal\/","name":"Was man \u00fcber unseren Verein wissen soll - \u00daJPETRE","isPartOf":{"@id":"https:\/\/ujpetre.hu\/wp\/#website"},"datePublished":"2024-10-13T14:06:41+00:00","dateModified":"2024-10-13T15:39:13+00:00","breadcrumb":{"@id":"https:\/\/ujpetre.hu\/wp\/egyesulet-nemet-nyelvu-oldal\/#breadcrumb"},"inLanguage":"hu","potentialAction":[{"@type":"ReadAction","target":["https:\/\/ujpetre.hu\/wp\/egyesulet-nemet-nyelvu-oldal\/"]}]},{"@type":"BreadcrumbList","@id":"https:\/\/ujpetre.hu\/wp\/egyesulet-nemet-nyelvu-oldal\/#breadcrumb","itemListElement":[{"@type":"ListItem","position":1,"name":"Kezd\u0151lap","item":"https:\/\/ujpetre.hu\/wp\/"},{"@type":"ListItem","position":2,"name":"Was man \u00fcber unseren Verein wissen soll"}]},{"@type":"WebSite","@id":"https:\/\/ujpetre.hu\/wp\/#website","url":"https:\/\/ujpetre.hu\/wp\/","name":"\u00daJPETRE","description":"Az \u00dajpetrei \u00d6nkorm\u00e1nyzat hivatalos weboldala","potentialAction":[{"@type":"SearchAction","target":{"@type":"EntryPoint","urlTemplate":"https:\/\/ujpetre.hu\/wp\/?s={search_term_string}"},"query-input":"required name=search_term_string"}],"inLanguage":"hu"}]}},"_links":{"self":[{"href":"https:\/\/ujpetre.hu\/wp\/wp-json\/wp\/v2\/pages\/17564"}],"collection":[{"href":"https:\/\/ujpetre.hu\/wp\/wp-json\/wp\/v2\/pages"}],"about":[{"href":"https:\/\/ujpetre.hu\/wp\/wp-json\/wp\/v2\/types\/page"}],"author":[{"embeddable":true,"href":"https:\/\/ujpetre.hu\/wp\/wp-json\/wp\/v2\/users\/6"}],"replies":[{"embeddable":true,"href":"https:\/\/ujpetre.hu\/wp\/wp-json\/wp\/v2\/comments?post=17564"}],"version-history":[{"count":6,"href":"https:\/\/ujpetre.hu\/wp\/wp-json\/wp\/v2\/pages\/17564\/revisions"}],"predecessor-version":[{"id":17572,"href":"https:\/\/ujpetre.hu\/wp\/wp-json\/wp\/v2\/pages\/17564\/revisions\/17572"}],"wp:attachment":[{"href":"https:\/\/ujpetre.hu\/wp\/wp-json\/wp\/v2\/media?parent=17564"}],"curies":[{"name":"wp","href":"https:\/\/api.w.org\/{rel}","templated":true}]}}