{"id":467,"date":"2014-09-19T20:31:09","date_gmt":"2014-09-19T18:31:09","guid":{"rendered":"http:\/\/ujpetre.hu\/wp\/?page_id=467"},"modified":"2014-10-09T14:13:58","modified_gmt":"2014-10-09T12:13:58","slug":"nemet","status":"publish","type":"page","link":"https:\/\/ujpetre.hu\/wp\/kisebbsegeink\/nemet\/","title":{"rendered":"N\u00e9met \u00d6nkorm\u00e1nyzat"},"content":{"rendered":"<h3 style=\"text-align: center;\">Az adatok felt\u00f6lt\u00e9sre v\u00e1rnak!<\/h3>\n<p style=\"text-align: center;\">Seg\u00edts\u00e9get elfogadunk az <span style=\"color: #0000ff;\"><a href=\"mailto:ujpetre@ujpetre.hu\"><span style=\"color: #0000ff;\">ujpetre@ujpetre.hu<\/span><\/a><\/span> E-mail c\u00edmen!<\/p>\n","protected":false},"excerpt":{"rendered":"<p>Az adatok felt\u00f6lt\u00e9sre v\u00e1rnak! Seg\u00edts\u00e9get elfogadunk az ujpetre@ujpetre.hu E-mail c\u00edmen! &hellip; <a class=\"more-link\" href=\"https:\/\/ujpetre.hu\/wp\/kisebbsegeink\/nemet\/\">Olvasd tov\u00e1bb <span class=\"meta-nav\">&rarr;<\/span><\/a><\/p>\n","protected":false},"author":1,"featured_media":0,"parent":463,"menu_order":0,"comment_status":"closed","ping_status":"open","template":"","meta":{"ngg_post_thumbnail":0,"footnotes":""},"yoast_head":"<!-- This site is optimized with the Yoast SEO plugin v21.3 - https:\/\/yoast.com\/wordpress\/plugins\/seo\/ -->\n<title>N\u00e9met \u00d6nkorm\u00e1nyzat - \u00daJPETRE<\/title>\n<meta name=\"robots\" content=\"index, follow, max-snippet:-1, max-image-preview:large, max-video-preview:-1\" \/>\n<link rel=\"canonical\" href=\"https:\/\/ujpetre.hu\/wp\/kisebbsegeink\/nemet\/\" \/>\n<meta property=\"og:locale\" content=\"hu_HU\" \/>\n<meta property=\"og:type\" content=\"article\" \/>\n<meta property=\"og:title\" content=\"N\u00e9met \u00d6nkorm\u00e1nyzat - \u00daJPETRE\" \/>\n<meta property=\"og:description\" content=\"Az adatok felt\u00f6lt\u00e9sre v\u00e1rnak! Seg\u00edts\u00e9get elfogadunk az ujpetre@ujpetre.hu E-mail c\u00edmen! &hellip; Olvasd tov\u00e1bb &rarr;\" \/>\n<meta property=\"og:url\" content=\"https:\/\/ujpetre.hu\/wp\/kisebbsegeink\/nemet\/\" \/>\n<meta property=\"og:site_name\" content=\"\u00daJPETRE\" \/>\n<meta property=\"article:modified_time\" content=\"2014-10-09T12:13:58+00:00\" \/>\n<script type=\"application\/ld+json\" class=\"yoast-schema-graph\">{\"@context\":\"https:\/\/schema.org\",\"@graph\":[{\"@type\":\"WebPage\",\"@id\":\"https:\/\/ujpetre.hu\/wp\/kisebbsegeink\/nemet\/\",\"url\":\"https:\/\/ujpetre.hu\/wp\/kisebbsegeink\/nemet\/\",\"name\":\"N\u00e9met \u00d6nkorm\u00e1nyzat - \u00daJPETRE\",\"isPartOf\":{\"@id\":\"https:\/\/ujpetre.hu\/wp\/#website\"},\"datePublished\":\"2014-09-19T18:31:09+00:00\",\"dateModified\":\"2014-10-09T12:13:58+00:00\",\"breadcrumb\":{\"@id\":\"https:\/\/ujpetre.hu\/wp\/kisebbsegeink\/nemet\/#breadcrumb\"},\"inLanguage\":\"hu\",\"potentialAction\":[{\"@type\":\"ReadAction\",\"target\":[\"https:\/\/ujpetre.hu\/wp\/kisebbsegeink\/nemet\/\"]}]},{\"@type\":\"BreadcrumbList\",\"@id\":\"https:\/\/ujpetre.hu\/wp\/kisebbsegeink\/nemet\/#breadcrumb\",\"itemListElement\":[{\"@type\":\"ListItem\",\"position\":1,\"name\":\"Kezd\u0151lap\",\"item\":\"https:\/\/ujpetre.hu\/wp\/\"},{\"@type\":\"ListItem\",\"position\":2,\"name\":\"Kisebbs\u00e9geink\",\"item\":\"https:\/\/ujpetre.hu\/wp\/kisebbsegeink\/\"},{\"@type\":\"ListItem\",\"position\":3,\"name\":\"N\u00e9met \u00d6nkorm\u00e1nyzat\"}]},{\"@type\":\"WebSite\",\"@id\":\"https:\/\/ujpetre.hu\/wp\/#website\",\"url\":\"https:\/\/ujpetre.hu\/wp\/\",\"name\":\"\u00daJPETRE\",\"description\":\"Az \u00dajpetrei \u00d6nkorm\u00e1nyzat hivatalos weboldala\",\"potentialAction\":[{\"@type\":\"SearchAction\",\"target\":{\"@type\":\"EntryPoint\",\"urlTemplate\":\"https:\/\/ujpetre.hu\/wp\/?s={search_term_string}\"},\"query-input\":\"required name=search_term_string\"}],\"inLanguage\":\"hu\"}]}<\/script>\n<!-- \/ Yoast SEO plugin. -->","yoast_head_json":{"title":"N\u00e9met \u00d6nkorm\u00e1nyzat - \u00daJPETRE","robots":{"index":"index","follow":"follow","max-snippet":"max-snippet:-1","max-image-preview":"max-image-preview:large","max-video-preview":"max-video-preview:-1"},"canonical":"https:\/\/ujpetre.hu\/wp\/kisebbsegeink\/nemet\/","og_locale":"hu_HU","og_type":"article","og_title":"N\u00e9met \u00d6nkorm\u00e1nyzat - \u00daJPETRE","og_description":"Az adatok felt\u00f6lt\u00e9sre v\u00e1rnak! Seg\u00edts\u00e9get elfogadunk az ujpetre@ujpetre.hu E-mail c\u00edmen! &hellip; Olvasd tov\u00e1bb &rarr;","og_url":"https:\/\/ujpetre.hu\/wp\/kisebbsegeink\/nemet\/","og_site_name":"\u00daJPETRE","article_modified_time":"2014-10-09T12:13:58+00:00","schema":{"@context":"https:\/\/schema.org","@graph":[{"@type":"WebPage","@id":"https:\/\/ujpetre.hu\/wp\/kisebbsegeink\/nemet\/","url":"https:\/\/ujpetre.hu\/wp\/kisebbsegeink\/nemet\/","name":"N\u00e9met \u00d6nkorm\u00e1nyzat - \u00daJPETRE","isPartOf":{"@id":"https:\/\/ujpetre.hu\/wp\/#website"},"datePublished":"2014-09-19T18:31:09+00:00","dateModified":"2014-10-09T12:13:58+00:00","breadcrumb":{"@id":"https:\/\/ujpetre.hu\/wp\/kisebbsegeink\/nemet\/#breadcrumb"},"inLanguage":"hu","potentialAction":[{"@type":"ReadAction","target":["https:\/\/ujpetre.hu\/wp\/kisebbsegeink\/nemet\/"]}]},{"@type":"BreadcrumbList","@id":"https:\/\/ujpetre.hu\/wp\/kisebbsegeink\/nemet\/#breadcrumb","itemListElement":[{"@type":"ListItem","position":1,"name":"Kezd\u0151lap","item":"https:\/\/ujpetre.hu\/wp\/"},{"@type":"ListItem","position":2,"name":"Kisebbs\u00e9geink","item":"https:\/\/ujpetre.hu\/wp\/kisebbsegeink\/"},{"@type":"ListItem","position":3,"name":"N\u00e9met \u00d6nkorm\u00e1nyzat"}]},{"@type":"WebSite","@id":"https:\/\/ujpetre.hu\/wp\/#website","url":"https:\/\/ujpetre.hu\/wp\/","name":"\u00daJPETRE","description":"Az \u00dajpetrei \u00d6nkorm\u00e1nyzat hivatalos weboldala","potentialAction":[{"@type":"SearchAction","target":{"@type":"EntryPoint","urlTemplate":"https:\/\/ujpetre.hu\/wp\/?s={search_term_string}"},"query-input":"required name=search_term_string"}],"inLanguage":"hu"}]}},"_links":{"self":[{"href":"https:\/\/ujpetre.hu\/wp\/wp-json\/wp\/v2\/pages\/467"}],"collection":[{"href":"https:\/\/ujpetre.hu\/wp\/wp-json\/wp\/v2\/pages"}],"about":[{"href":"https:\/\/ujpetre.hu\/wp\/wp-json\/wp\/v2\/types\/page"}],"author":[{"embeddable":true,"href":"https:\/\/ujpetre.hu\/wp\/wp-json\/wp\/v2\/users\/1"}],"replies":[{"embeddable":true,"href":"https:\/\/ujpetre.hu\/wp\/wp-json\/wp\/v2\/comments?post=467"}],"version-history":[{"count":3,"href":"https:\/\/ujpetre.hu\/wp\/wp-json\/wp\/v2\/pages\/467\/revisions"}],"predecessor-version":[{"id":8387,"href":"https:\/\/ujpetre.hu\/wp\/wp-json\/wp\/v2\/pages\/467\/revisions\/8387"}],"up":[{"embeddable":true,"href":"https:\/\/ujpetre.hu\/wp\/wp-json\/wp\/v2\/pages\/463"}],"wp:attachment":[{"href":"https:\/\/ujpetre.hu\/wp\/wp-json\/wp\/v2\/media?parent=467"}],"curies":[{"name":"wp","href":"https:\/\/api.w.org\/{rel}","templated":true}]}}