{"id":487,"date":"2014-09-19T20:36:32","date_gmt":"2014-09-19T18:36:32","guid":{"rendered":"http:\/\/ujpetre.hu\/wp\/?page_id=487"},"modified":"2014-10-18T08:09:42","modified_gmt":"2014-10-18T06:09:42","slug":"posta","status":"publish","type":"page","link":"https:\/\/ujpetre.hu\/wp\/intezmenyek\/posta\/","title":{"rendered":"Posta"},"content":{"rendered":"<h1><span style=\"color: #000000;\"><strong>Posta<\/strong><\/span><\/h1>\n<h3><span style=\"color: #000000;\"> 7766 \u00dajpetre, Kossuth L. u. 131.<\/span><br \/>\n<span style=\"color: #000000;\"> 72\/377-045<\/span><\/h3>\n<p><a href=\"http:\/\/ujpetre.hu\/wp\/wp-content\/uploads\/2014\/09\/IMG_2055.jpg\"><img decoding=\"async\" loading=\"lazy\" class=\"alignnone size-medium wp-image-11075\" src=\"http:\/\/ujpetre.hu\/wp\/wp-content\/uploads\/2014\/09\/IMG_2055-225x300.jpg\" alt=\"IMG_2055\" width=\"225\" height=\"300\" srcset=\"https:\/\/ujpetre.hu\/wp\/wp-content\/uploads\/2014\/09\/IMG_2055-225x300.jpg 225w, https:\/\/ujpetre.hu\/wp\/wp-content\/uploads\/2014\/09\/IMG_2055.jpg 600w\" sizes=\"(max-width: 225px) 100vw, 225px\" \/><\/a> <a href=\"http:\/\/ujpetre.hu\/wp\/wp-content\/uploads\/2014\/09\/IMG_2056.jpg\"><img decoding=\"async\" loading=\"lazy\" class=\"alignnone size-medium wp-image-11076\" src=\"http:\/\/ujpetre.hu\/wp\/wp-content\/uploads\/2014\/09\/IMG_2056-300x225.jpg\" alt=\"IMG_2056\" width=\"300\" height=\"225\" srcset=\"https:\/\/ujpetre.hu\/wp\/wp-content\/uploads\/2014\/09\/IMG_2056-300x225.jpg 300w, https:\/\/ujpetre.hu\/wp\/wp-content\/uploads\/2014\/09\/IMG_2056-1024x768.jpg 1024w, https:\/\/ujpetre.hu\/wp\/wp-content\/uploads\/2014\/09\/IMG_2056-399x300.jpg 399w, https:\/\/ujpetre.hu\/wp\/wp-content\/uploads\/2014\/09\/IMG_2056.jpg 1066w\" sizes=\"(max-width: 300px) 100vw, 300px\" \/><\/a><\/p>\n","protected":false},"excerpt":{"rendered":"<p>Posta 7766 \u00dajpetre, Kossuth L. u. 131. 72\/377-045 &hellip; <a class=\"more-link\" href=\"https:\/\/ujpetre.hu\/wp\/intezmenyek\/posta\/\">Olvasd tov\u00e1bb <span class=\"meta-nav\">&rarr;<\/span><\/a><\/p>\n","protected":false},"author":1,"featured_media":0,"parent":479,"menu_order":0,"comment_status":"closed","ping_status":"open","template":"","meta":{"ngg_post_thumbnail":0,"footnotes":""},"yoast_head":"<!-- This site is optimized with the Yoast SEO plugin v21.3 - https:\/\/yoast.com\/wordpress\/plugins\/seo\/ -->\n<title>Posta - \u00daJPETRE<\/title>\n<meta name=\"robots\" content=\"index, follow, max-snippet:-1, max-image-preview:large, max-video-preview:-1\" \/>\n<link rel=\"canonical\" href=\"https:\/\/ujpetre.hu\/wp\/intezmenyek\/posta\/\" \/>\n<meta property=\"og:locale\" content=\"hu_HU\" \/>\n<meta property=\"og:type\" content=\"article\" \/>\n<meta property=\"og:title\" content=\"Posta - \u00daJPETRE\" \/>\n<meta property=\"og:description\" content=\"Posta 7766 \u00dajpetre, Kossuth L. u. 131. 72\/377-045 &hellip; Olvasd tov\u00e1bb &rarr;\" \/>\n<meta property=\"og:url\" content=\"https:\/\/ujpetre.hu\/wp\/intezmenyek\/posta\/\" \/>\n<meta property=\"og:site_name\" content=\"\u00daJPETRE\" \/>\n<meta property=\"article:modified_time\" content=\"2014-10-18T06:09:42+00:00\" \/>\n<meta property=\"og:image\" content=\"http:\/\/ujpetre.hu\/wp\/wp-content\/uploads\/2014\/09\/IMG_2055-225x300.jpg\" \/>\n<script type=\"application\/ld+json\" class=\"yoast-schema-graph\">{\"@context\":\"https:\/\/schema.org\",\"@graph\":[{\"@type\":\"WebPage\",\"@id\":\"https:\/\/ujpetre.hu\/wp\/intezmenyek\/posta\/\",\"url\":\"https:\/\/ujpetre.hu\/wp\/intezmenyek\/posta\/\",\"name\":\"Posta - \u00daJPETRE\",\"isPartOf\":{\"@id\":\"https:\/\/ujpetre.hu\/wp\/#website\"},\"datePublished\":\"2014-09-19T18:36:32+00:00\",\"dateModified\":\"2014-10-18T06:09:42+00:00\",\"breadcrumb\":{\"@id\":\"https:\/\/ujpetre.hu\/wp\/intezmenyek\/posta\/#breadcrumb\"},\"inLanguage\":\"hu\",\"potentialAction\":[{\"@type\":\"ReadAction\",\"target\":[\"https:\/\/ujpetre.hu\/wp\/intezmenyek\/posta\/\"]}]},{\"@type\":\"BreadcrumbList\",\"@id\":\"https:\/\/ujpetre.hu\/wp\/intezmenyek\/posta\/#breadcrumb\",\"itemListElement\":[{\"@type\":\"ListItem\",\"position\":1,\"name\":\"Kezd\u0151lap\",\"item\":\"https:\/\/ujpetre.hu\/wp\/\"},{\"@type\":\"ListItem\",\"position\":2,\"name\":\"Int\u00e9zm\u00e9nyek\",\"item\":\"https:\/\/ujpetre.hu\/wp\/intezmenyek\/\"},{\"@type\":\"ListItem\",\"position\":3,\"name\":\"Posta\"}]},{\"@type\":\"WebSite\",\"@id\":\"https:\/\/ujpetre.hu\/wp\/#website\",\"url\":\"https:\/\/ujpetre.hu\/wp\/\",\"name\":\"\u00daJPETRE\",\"description\":\"Az \u00dajpetrei \u00d6nkorm\u00e1nyzat hivatalos weboldala\",\"potentialAction\":[{\"@type\":\"SearchAction\",\"target\":{\"@type\":\"EntryPoint\",\"urlTemplate\":\"https:\/\/ujpetre.hu\/wp\/?s={search_term_string}\"},\"query-input\":\"required name=search_term_string\"}],\"inLanguage\":\"hu\"}]}<\/script>\n<!-- \/ Yoast SEO plugin. -->","yoast_head_json":{"title":"Posta - \u00daJPETRE","robots":{"index":"index","follow":"follow","max-snippet":"max-snippet:-1","max-image-preview":"max-image-preview:large","max-video-preview":"max-video-preview:-1"},"canonical":"https:\/\/ujpetre.hu\/wp\/intezmenyek\/posta\/","og_locale":"hu_HU","og_type":"article","og_title":"Posta - \u00daJPETRE","og_description":"Posta 7766 \u00dajpetre, Kossuth L. u. 131. 72\/377-045 &hellip; Olvasd tov\u00e1bb &rarr;","og_url":"https:\/\/ujpetre.hu\/wp\/intezmenyek\/posta\/","og_site_name":"\u00daJPETRE","article_modified_time":"2014-10-18T06:09:42+00:00","og_image":[{"url":"http:\/\/ujpetre.hu\/wp\/wp-content\/uploads\/2014\/09\/IMG_2055-225x300.jpg"}],"schema":{"@context":"https:\/\/schema.org","@graph":[{"@type":"WebPage","@id":"https:\/\/ujpetre.hu\/wp\/intezmenyek\/posta\/","url":"https:\/\/ujpetre.hu\/wp\/intezmenyek\/posta\/","name":"Posta - \u00daJPETRE","isPartOf":{"@id":"https:\/\/ujpetre.hu\/wp\/#website"},"datePublished":"2014-09-19T18:36:32+00:00","dateModified":"2014-10-18T06:09:42+00:00","breadcrumb":{"@id":"https:\/\/ujpetre.hu\/wp\/intezmenyek\/posta\/#breadcrumb"},"inLanguage":"hu","potentialAction":[{"@type":"ReadAction","target":["https:\/\/ujpetre.hu\/wp\/intezmenyek\/posta\/"]}]},{"@type":"BreadcrumbList","@id":"https:\/\/ujpetre.hu\/wp\/intezmenyek\/posta\/#breadcrumb","itemListElement":[{"@type":"ListItem","position":1,"name":"Kezd\u0151lap","item":"https:\/\/ujpetre.hu\/wp\/"},{"@type":"ListItem","position":2,"name":"Int\u00e9zm\u00e9nyek","item":"https:\/\/ujpetre.hu\/wp\/intezmenyek\/"},{"@type":"ListItem","position":3,"name":"Posta"}]},{"@type":"WebSite","@id":"https:\/\/ujpetre.hu\/wp\/#website","url":"https:\/\/ujpetre.hu\/wp\/","name":"\u00daJPETRE","description":"Az \u00dajpetrei \u00d6nkorm\u00e1nyzat hivatalos weboldala","potentialAction":[{"@type":"SearchAction","target":{"@type":"EntryPoint","urlTemplate":"https:\/\/ujpetre.hu\/wp\/?s={search_term_string}"},"query-input":"required name=search_term_string"}],"inLanguage":"hu"}]}},"_links":{"self":[{"href":"https:\/\/ujpetre.hu\/wp\/wp-json\/wp\/v2\/pages\/487"}],"collection":[{"href":"https:\/\/ujpetre.hu\/wp\/wp-json\/wp\/v2\/pages"}],"about":[{"href":"https:\/\/ujpetre.hu\/wp\/wp-json\/wp\/v2\/types\/page"}],"author":[{"embeddable":true,"href":"https:\/\/ujpetre.hu\/wp\/wp-json\/wp\/v2\/users\/1"}],"replies":[{"embeddable":true,"href":"https:\/\/ujpetre.hu\/wp\/wp-json\/wp\/v2\/comments?post=487"}],"version-history":[{"count":6,"href":"https:\/\/ujpetre.hu\/wp\/wp-json\/wp\/v2\/pages\/487\/revisions"}],"predecessor-version":[{"id":11079,"href":"https:\/\/ujpetre.hu\/wp\/wp-json\/wp\/v2\/pages\/487\/revisions\/11079"}],"up":[{"embeddable":true,"href":"https:\/\/ujpetre.hu\/wp\/wp-json\/wp\/v2\/pages\/479"}],"wp:attachment":[{"href":"https:\/\/ujpetre.hu\/wp\/wp-json\/wp\/v2\/media?parent=487"}],"curies":[{"name":"wp","href":"https:\/\/api.w.org\/{rel}","templated":true}]}}