{"id":8400,"date":"2014-10-09T14:40:29","date_gmt":"2014-10-09T12:40:29","guid":{"rendered":"http:\/\/ujpetre.hu\/wp\/faluelet-2009-09-22-sport-jatszoter-atadas\/"},"modified":"2014-10-09T14:40:29","modified_gmt":"2014-10-09T12:40:29","slug":"faluelet-2009-09-22-sport-jatszoter-atadas","status":"publish","type":"page","link":"https:\/\/ujpetre.hu\/wp\/faluelet-2009-09-22-sport-jatszoter-atadas\/","title":{"rendered":"Faluelet &#8211; 2009.09.22. Sport jatszoter atadas"},"content":{"rendered":"<!-- index.php -->\n<div\n\tclass=\"ngg-galleryoverview ngg-ajax-pagination-none\"\n\tid=\"ngg-gallery-34aebfd047a52cccf53f6258fe22d300-1\">\n\n    \t<div class=\"slideshowlink\">\n        <a href='https:\/\/ujpetre.hu\/wp\/faluelet-2009-09-22-sport-jatszoter-atadas\/nggallery\/slideshow'>[Show slideshow]<\/a>\n\t\t\n\t<\/div>\n\t\t\t<!-- Thumbnails -->\n\t\t\t\t<div id=\"ngg-image-0\" class=\"ngg-gallery-thumbnail-box\" >\n\t\t\t\t        <div class=\"ngg-gallery-thumbnail\">\n            <a href=\"https:\/\/ujpetre.hu\/wp\/wp-content\/gallery\/faluelet-2009-09-22-sport-jatszoter-atadas\/2009falu001.JPG\"\n               title=\"\"\n               data-src=\"https:\/\/ujpetre.hu\/wp\/wp-content\/gallery\/faluelet-2009-09-22-sport-jatszoter-atadas\/2009falu001.JPG\"\n               data-thumbnail=\"https:\/\/ujpetre.hu\/wp\/wp-content\/gallery\/faluelet-2009-09-22-sport-jatszoter-atadas\/thumbs\/thumbs_2009falu001.JPG\"\n               data-image-id=\"1776\"\n               data-title=\"2009falu001\"\n               data-description=\"\"\n               data-image-slug=\"2009falu001\"\n               class=\"ngg-fancybox\" rel=\"34aebfd047a52cccf53f6258fe22d300\">\n                <img\n                    title=\"2009falu001\"\n                    alt=\"2009falu001\"\n                    src=\"https:\/\/ujpetre.hu\/wp\/wp-content\/gallery\/faluelet-2009-09-22-sport-jatszoter-atadas\/thumbs\/thumbs_2009falu001.JPG\"\n                    width=\"120\"\n                    height=\"90\"\n                    style=\"max-width:100%;\"\n                \/>\n            <\/a>\n        <\/div>\n\t\t\t\t\t\t\t<\/div> \n\t\t\t\n        \n\t\t\t\t<div id=\"ngg-image-1\" class=\"ngg-gallery-thumbnail-box\" >\n\t\t\t\t        <div class=\"ngg-gallery-thumbnail\">\n            <a href=\"https:\/\/ujpetre.hu\/wp\/wp-content\/gallery\/faluelet-2009-09-22-sport-jatszoter-atadas\/2009falu002.JPG\"\n               title=\"\"\n               data-src=\"https:\/\/ujpetre.hu\/wp\/wp-content\/gallery\/faluelet-2009-09-22-sport-jatszoter-atadas\/2009falu002.JPG\"\n               data-thumbnail=\"https:\/\/ujpetre.hu\/wp\/wp-content\/gallery\/faluelet-2009-09-22-sport-jatszoter-atadas\/thumbs\/thumbs_2009falu002.JPG\"\n               data-image-id=\"1777\"\n               data-title=\"2009falu002\"\n               data-description=\"\"\n               data-image-slug=\"2009falu002\"\n               class=\"ngg-fancybox\" rel=\"34aebfd047a52cccf53f6258fe22d300\">\n                <img\n                    title=\"2009falu002\"\n                    alt=\"2009falu002\"\n                    src=\"https:\/\/ujpetre.hu\/wp\/wp-content\/gallery\/faluelet-2009-09-22-sport-jatszoter-atadas\/thumbs\/thumbs_2009falu002.JPG\"\n                    width=\"120\"\n                    height=\"90\"\n                    style=\"max-width:100%;\"\n                \/>\n            <\/a>\n        <\/div>\n\t\t\t\t\t\t\t<\/div> \n\t\t\t\n        \n\t\t\t\t<div id=\"ngg-image-2\" class=\"ngg-gallery-thumbnail-box\" >\n\t\t\t\t        <div class=\"ngg-gallery-thumbnail\">\n            <a href=\"https:\/\/ujpetre.hu\/wp\/wp-content\/gallery\/faluelet-2009-09-22-sport-jatszoter-atadas\/2009falu003.JPG\"\n               title=\"\"\n               data-src=\"https:\/\/ujpetre.hu\/wp\/wp-content\/gallery\/faluelet-2009-09-22-sport-jatszoter-atadas\/2009falu003.JPG\"\n               data-thumbnail=\"https:\/\/ujpetre.hu\/wp\/wp-content\/gallery\/faluelet-2009-09-22-sport-jatszoter-atadas\/thumbs\/thumbs_2009falu003.JPG\"\n               data-image-id=\"1778\"\n               data-title=\"2009falu003\"\n               data-description=\"\"\n               data-image-slug=\"2009falu003\"\n               class=\"ngg-fancybox\" rel=\"34aebfd047a52cccf53f6258fe22d300\">\n                <img\n                    title=\"2009falu003\"\n                    alt=\"2009falu003\"\n                    src=\"https:\/\/ujpetre.hu\/wp\/wp-content\/gallery\/faluelet-2009-09-22-sport-jatszoter-atadas\/thumbs\/thumbs_2009falu003.JPG\"\n                    width=\"120\"\n                    height=\"90\"\n                    style=\"max-width:100%;\"\n                \/>\n            <\/a>\n        <\/div>\n\t\t\t\t\t\t\t<\/div> \n\t\t\t\n        \n\t\t\t\t<div id=\"ngg-image-3\" class=\"ngg-gallery-thumbnail-box\" >\n\t\t\t\t        <div class=\"ngg-gallery-thumbnail\">\n            <a href=\"https:\/\/ujpetre.hu\/wp\/wp-content\/gallery\/faluelet-2009-09-22-sport-jatszoter-atadas\/2009falu004.JPG\"\n               title=\"\"\n               data-src=\"https:\/\/ujpetre.hu\/wp\/wp-content\/gallery\/faluelet-2009-09-22-sport-jatszoter-atadas\/2009falu004.JPG\"\n               data-thumbnail=\"https:\/\/ujpetre.hu\/wp\/wp-content\/gallery\/faluelet-2009-09-22-sport-jatszoter-atadas\/thumbs\/thumbs_2009falu004.JPG\"\n               data-image-id=\"1779\"\n               data-title=\"2009falu004\"\n               data-description=\"\"\n               data-image-slug=\"2009falu004\"\n               class=\"ngg-fancybox\" rel=\"34aebfd047a52cccf53f6258fe22d300\">\n                <img\n                    title=\"2009falu004\"\n                    alt=\"2009falu004\"\n                    src=\"https:\/\/ujpetre.hu\/wp\/wp-content\/gallery\/faluelet-2009-09-22-sport-jatszoter-atadas\/thumbs\/thumbs_2009falu004.JPG\"\n                    width=\"120\"\n                    height=\"90\"\n                    style=\"max-width:100%;\"\n                \/>\n            <\/a>\n        <\/div>\n\t\t\t\t\t\t\t<\/div> \n\t\t\t\n        \n\t\t\t\t<div id=\"ngg-image-4\" class=\"ngg-gallery-thumbnail-box\" >\n\t\t\t\t        <div class=\"ngg-gallery-thumbnail\">\n            <a href=\"https:\/\/ujpetre.hu\/wp\/wp-content\/gallery\/faluelet-2009-09-22-sport-jatszoter-atadas\/2009falu005.jpg\"\n               title=\"\"\n               data-src=\"https:\/\/ujpetre.hu\/wp\/wp-content\/gallery\/faluelet-2009-09-22-sport-jatszoter-atadas\/2009falu005.jpg\"\n               data-thumbnail=\"https:\/\/ujpetre.hu\/wp\/wp-content\/gallery\/faluelet-2009-09-22-sport-jatszoter-atadas\/thumbs\/thumbs_2009falu005.jpg\"\n               data-image-id=\"1780\"\n               data-title=\"2009falu005\"\n               data-description=\"\"\n               data-image-slug=\"2009falu005\"\n               class=\"ngg-fancybox\" rel=\"34aebfd047a52cccf53f6258fe22d300\">\n                <img\n                    title=\"2009falu005\"\n                    alt=\"2009falu005\"\n                    src=\"https:\/\/ujpetre.hu\/wp\/wp-content\/gallery\/faluelet-2009-09-22-sport-jatszoter-atadas\/thumbs\/thumbs_2009falu005.jpg\"\n                    width=\"120\"\n                    height=\"90\"\n                    style=\"max-width:100%;\"\n                \/>\n            <\/a>\n        <\/div>\n\t\t\t\t\t\t\t<\/div> \n\t\t\t\n        \n\t\t\t\t<div id=\"ngg-image-5\" class=\"ngg-gallery-thumbnail-box\" >\n\t\t\t\t        <div class=\"ngg-gallery-thumbnail\">\n            <a href=\"https:\/\/ujpetre.hu\/wp\/wp-content\/gallery\/faluelet-2009-09-22-sport-jatszoter-atadas\/2009falu006.JPG\"\n               title=\"\"\n               data-src=\"https:\/\/ujpetre.hu\/wp\/wp-content\/gallery\/faluelet-2009-09-22-sport-jatszoter-atadas\/2009falu006.JPG\"\n               data-thumbnail=\"https:\/\/ujpetre.hu\/wp\/wp-content\/gallery\/faluelet-2009-09-22-sport-jatszoter-atadas\/thumbs\/thumbs_2009falu006.JPG\"\n               data-image-id=\"1781\"\n               data-title=\"2009falu006\"\n               data-description=\"\"\n               data-image-slug=\"2009falu006\"\n               class=\"ngg-fancybox\" rel=\"34aebfd047a52cccf53f6258fe22d300\">\n                <img\n                    title=\"2009falu006\"\n                    alt=\"2009falu006\"\n                    src=\"https:\/\/ujpetre.hu\/wp\/wp-content\/gallery\/faluelet-2009-09-22-sport-jatszoter-atadas\/thumbs\/thumbs_2009falu006.JPG\"\n                    width=\"120\"\n                    height=\"90\"\n                    style=\"max-width:100%;\"\n                \/>\n            <\/a>\n        <\/div>\n\t\t\t\t\t\t\t<\/div> \n\t\t\t\n        \n\t\t\t\t<div id=\"ngg-image-6\" class=\"ngg-gallery-thumbnail-box\" >\n\t\t\t\t        <div class=\"ngg-gallery-thumbnail\">\n            <a href=\"https:\/\/ujpetre.hu\/wp\/wp-content\/gallery\/faluelet-2009-09-22-sport-jatszoter-atadas\/2009falu007.JPG\"\n               title=\"\"\n               data-src=\"https:\/\/ujpetre.hu\/wp\/wp-content\/gallery\/faluelet-2009-09-22-sport-jatszoter-atadas\/2009falu007.JPG\"\n               data-thumbnail=\"https:\/\/ujpetre.hu\/wp\/wp-content\/gallery\/faluelet-2009-09-22-sport-jatszoter-atadas\/thumbs\/thumbs_2009falu007.JPG\"\n               data-image-id=\"1782\"\n               data-title=\"2009falu007\"\n               data-description=\"\"\n               data-image-slug=\"2009falu007\"\n               class=\"ngg-fancybox\" rel=\"34aebfd047a52cccf53f6258fe22d300\">\n                <img\n                    title=\"2009falu007\"\n                    alt=\"2009falu007\"\n                    src=\"https:\/\/ujpetre.hu\/wp\/wp-content\/gallery\/faluelet-2009-09-22-sport-jatszoter-atadas\/thumbs\/thumbs_2009falu007.JPG\"\n                    width=\"120\"\n                    height=\"90\"\n                    style=\"max-width:100%;\"\n                \/>\n            <\/a>\n        <\/div>\n\t\t\t\t\t\t\t<\/div> \n\t\t\t\n        \n\t\t\t\t<div id=\"ngg-image-7\" class=\"ngg-gallery-thumbnail-box\" >\n\t\t\t\t        <div class=\"ngg-gallery-thumbnail\">\n            <a href=\"https:\/\/ujpetre.hu\/wp\/wp-content\/gallery\/faluelet-2009-09-22-sport-jatszoter-atadas\/2009falu008.JPG\"\n               title=\"\"\n               data-src=\"https:\/\/ujpetre.hu\/wp\/wp-content\/gallery\/faluelet-2009-09-22-sport-jatszoter-atadas\/2009falu008.JPG\"\n               data-thumbnail=\"https:\/\/ujpetre.hu\/wp\/wp-content\/gallery\/faluelet-2009-09-22-sport-jatszoter-atadas\/thumbs\/thumbs_2009falu008.JPG\"\n               data-image-id=\"1783\"\n               data-title=\"2009falu008\"\n               data-description=\"\"\n               data-image-slug=\"2009falu008\"\n               class=\"ngg-fancybox\" rel=\"34aebfd047a52cccf53f6258fe22d300\">\n                <img\n                    title=\"2009falu008\"\n                    alt=\"2009falu008\"\n                    src=\"https:\/\/ujpetre.hu\/wp\/wp-content\/gallery\/faluelet-2009-09-22-sport-jatszoter-atadas\/thumbs\/thumbs_2009falu008.JPG\"\n                    width=\"120\"\n                    height=\"90\"\n                    style=\"max-width:100%;\"\n                \/>\n            <\/a>\n        <\/div>\n\t\t\t\t\t\t\t<\/div> \n\t\t\t\n        \n\t\t\t\t<div id=\"ngg-image-8\" class=\"ngg-gallery-thumbnail-box\" >\n\t\t\t\t        <div class=\"ngg-gallery-thumbnail\">\n            <a href=\"https:\/\/ujpetre.hu\/wp\/wp-content\/gallery\/faluelet-2009-09-22-sport-jatszoter-atadas\/2009falu009.JPG\"\n               title=\"\"\n               data-src=\"https:\/\/ujpetre.hu\/wp\/wp-content\/gallery\/faluelet-2009-09-22-sport-jatszoter-atadas\/2009falu009.JPG\"\n               data-thumbnail=\"https:\/\/ujpetre.hu\/wp\/wp-content\/gallery\/faluelet-2009-09-22-sport-jatszoter-atadas\/thumbs\/thumbs_2009falu009.JPG\"\n               data-image-id=\"1784\"\n               data-title=\"2009falu009\"\n               data-description=\"\"\n               data-image-slug=\"2009falu009\"\n               class=\"ngg-fancybox\" rel=\"34aebfd047a52cccf53f6258fe22d300\">\n                <img\n                    title=\"2009falu009\"\n                    alt=\"2009falu009\"\n                    src=\"https:\/\/ujpetre.hu\/wp\/wp-content\/gallery\/faluelet-2009-09-22-sport-jatszoter-atadas\/thumbs\/thumbs_2009falu009.JPG\"\n                    width=\"120\"\n                    height=\"90\"\n                    style=\"max-width:100%;\"\n                \/>\n            <\/a>\n        <\/div>\n\t\t\t\t\t\t\t<\/div> \n\t\t\t\n        \n\t\t\t\t<div id=\"ngg-image-9\" class=\"ngg-gallery-thumbnail-box\" >\n\t\t\t\t        <div class=\"ngg-gallery-thumbnail\">\n            <a href=\"https:\/\/ujpetre.hu\/wp\/wp-content\/gallery\/faluelet-2009-09-22-sport-jatszoter-atadas\/2009falu010.JPG\"\n               title=\"\"\n               data-src=\"https:\/\/ujpetre.hu\/wp\/wp-content\/gallery\/faluelet-2009-09-22-sport-jatszoter-atadas\/2009falu010.JPG\"\n               data-thumbnail=\"https:\/\/ujpetre.hu\/wp\/wp-content\/gallery\/faluelet-2009-09-22-sport-jatszoter-atadas\/thumbs\/thumbs_2009falu010.JPG\"\n               data-image-id=\"1785\"\n               data-title=\"2009falu010\"\n               data-description=\"\"\n               data-image-slug=\"2009falu010\"\n               class=\"ngg-fancybox\" rel=\"34aebfd047a52cccf53f6258fe22d300\">\n                <img\n                    title=\"2009falu010\"\n                    alt=\"2009falu010\"\n                    src=\"https:\/\/ujpetre.hu\/wp\/wp-content\/gallery\/faluelet-2009-09-22-sport-jatszoter-atadas\/thumbs\/thumbs_2009falu010.JPG\"\n                    width=\"120\"\n                    height=\"90\"\n                    style=\"max-width:100%;\"\n                \/>\n            <\/a>\n        <\/div>\n\t\t\t\t\t\t\t<\/div> \n\t\t\t\n        \n\t\t\t\t<div id=\"ngg-image-10\" class=\"ngg-gallery-thumbnail-box\" >\n\t\t\t\t        <div class=\"ngg-gallery-thumbnail\">\n            <a href=\"https:\/\/ujpetre.hu\/wp\/wp-content\/gallery\/faluelet-2009-09-22-sport-jatszoter-atadas\/2009falu011.JPG\"\n               title=\"\"\n               data-src=\"https:\/\/ujpetre.hu\/wp\/wp-content\/gallery\/faluelet-2009-09-22-sport-jatszoter-atadas\/2009falu011.JPG\"\n               data-thumbnail=\"https:\/\/ujpetre.hu\/wp\/wp-content\/gallery\/faluelet-2009-09-22-sport-jatszoter-atadas\/thumbs\/thumbs_2009falu011.JPG\"\n               data-image-id=\"1786\"\n               data-title=\"2009falu011\"\n               data-description=\"\"\n               data-image-slug=\"2009falu011\"\n               class=\"ngg-fancybox\" rel=\"34aebfd047a52cccf53f6258fe22d300\">\n                <img\n                    title=\"2009falu011\"\n                    alt=\"2009falu011\"\n                    src=\"https:\/\/ujpetre.hu\/wp\/wp-content\/gallery\/faluelet-2009-09-22-sport-jatszoter-atadas\/thumbs\/thumbs_2009falu011.JPG\"\n                    width=\"120\"\n                    height=\"90\"\n                    style=\"max-width:100%;\"\n                \/>\n            <\/a>\n        <\/div>\n\t\t\t\t\t\t\t<\/div> \n\t\t\t\n        \n\t\t\t\t<div id=\"ngg-image-11\" class=\"ngg-gallery-thumbnail-box\" >\n\t\t\t\t        <div class=\"ngg-gallery-thumbnail\">\n            <a href=\"https:\/\/ujpetre.hu\/wp\/wp-content\/gallery\/faluelet-2009-09-22-sport-jatszoter-atadas\/2009falu012.JPG\"\n               title=\"\"\n               data-src=\"https:\/\/ujpetre.hu\/wp\/wp-content\/gallery\/faluelet-2009-09-22-sport-jatszoter-atadas\/2009falu012.JPG\"\n               data-thumbnail=\"https:\/\/ujpetre.hu\/wp\/wp-content\/gallery\/faluelet-2009-09-22-sport-jatszoter-atadas\/thumbs\/thumbs_2009falu012.JPG\"\n               data-image-id=\"1787\"\n               data-title=\"2009falu012\"\n               data-description=\"\"\n               data-image-slug=\"2009falu012\"\n               class=\"ngg-fancybox\" rel=\"34aebfd047a52cccf53f6258fe22d300\">\n                <img\n                    title=\"2009falu012\"\n                    alt=\"2009falu012\"\n                    src=\"https:\/\/ujpetre.hu\/wp\/wp-content\/gallery\/faluelet-2009-09-22-sport-jatszoter-atadas\/thumbs\/thumbs_2009falu012.JPG\"\n                    width=\"120\"\n                    height=\"90\"\n                    style=\"max-width:100%;\"\n                \/>\n            <\/a>\n        <\/div>\n\t\t\t\t\t\t\t<\/div> \n\t\t\t\n        \n\t\t\t\t<div id=\"ngg-image-12\" class=\"ngg-gallery-thumbnail-box\" >\n\t\t\t\t        <div class=\"ngg-gallery-thumbnail\">\n            <a href=\"https:\/\/ujpetre.hu\/wp\/wp-content\/gallery\/faluelet-2009-09-22-sport-jatszoter-atadas\/2009falu013.JPG\"\n               title=\"\"\n               data-src=\"https:\/\/ujpetre.hu\/wp\/wp-content\/gallery\/faluelet-2009-09-22-sport-jatszoter-atadas\/2009falu013.JPG\"\n               data-thumbnail=\"https:\/\/ujpetre.hu\/wp\/wp-content\/gallery\/faluelet-2009-09-22-sport-jatszoter-atadas\/thumbs\/thumbs_2009falu013.JPG\"\n               data-image-id=\"1788\"\n               data-title=\"2009falu013\"\n               data-description=\"\"\n               data-image-slug=\"2009falu013\"\n               class=\"ngg-fancybox\" rel=\"34aebfd047a52cccf53f6258fe22d300\">\n                <img\n                    title=\"2009falu013\"\n                    alt=\"2009falu013\"\n                    src=\"https:\/\/ujpetre.hu\/wp\/wp-content\/gallery\/faluelet-2009-09-22-sport-jatszoter-atadas\/thumbs\/thumbs_2009falu013.JPG\"\n                    width=\"120\"\n                    height=\"90\"\n                    style=\"max-width:100%;\"\n                \/>\n            <\/a>\n        <\/div>\n\t\t\t\t\t\t\t<\/div> \n\t\t\t\n        \n\t\t\t\t<div id=\"ngg-image-13\" class=\"ngg-gallery-thumbnail-box\" >\n\t\t\t\t        <div class=\"ngg-gallery-thumbnail\">\n            <a href=\"https:\/\/ujpetre.hu\/wp\/wp-content\/gallery\/faluelet-2009-09-22-sport-jatszoter-atadas\/2009falu014.JPG\"\n               title=\"\"\n               data-src=\"https:\/\/ujpetre.hu\/wp\/wp-content\/gallery\/faluelet-2009-09-22-sport-jatszoter-atadas\/2009falu014.JPG\"\n               data-thumbnail=\"https:\/\/ujpetre.hu\/wp\/wp-content\/gallery\/faluelet-2009-09-22-sport-jatszoter-atadas\/thumbs\/thumbs_2009falu014.JPG\"\n               data-image-id=\"1789\"\n               data-title=\"2009falu014\"\n               data-description=\"\"\n               data-image-slug=\"2009falu014\"\n               class=\"ngg-fancybox\" rel=\"34aebfd047a52cccf53f6258fe22d300\">\n                <img\n                    title=\"2009falu014\"\n                    alt=\"2009falu014\"\n                    src=\"https:\/\/ujpetre.hu\/wp\/wp-content\/gallery\/faluelet-2009-09-22-sport-jatszoter-atadas\/thumbs\/thumbs_2009falu014.JPG\"\n                    width=\"120\"\n                    height=\"90\"\n                    style=\"max-width:100%;\"\n                \/>\n            <\/a>\n        <\/div>\n\t\t\t\t\t\t\t<\/div> \n\t\t\t\n        \n\t\t\n\t\t<!-- Pagination -->\n\t<div class='ngg-clear'><\/div>\t<\/div>\n\n","protected":false},"excerpt":{"rendered":"<p> &hellip; <a class=\"more-link\" href=\"https:\/\/ujpetre.hu\/wp\/faluelet-2009-09-22-sport-jatszoter-atadas\/\">Olvasd tov\u00e1bb <span class=\"meta-nav\">&rarr;<\/span><\/a><\/p>\n","protected":false},"author":3,"featured_media":0,"parent":0,"menu_order":0,"comment_status":"closed","ping_status":"open","template":"","meta":{"ngg_post_thumbnail":0,"footnotes":""},"yoast_head":"<!-- This site is optimized with the Yoast SEO plugin v21.3 - https:\/\/yoast.com\/wordpress\/plugins\/seo\/ -->\n<title>Faluelet - 2009.09.22. Sport jatszoter atadas - \u00daJPETRE<\/title>\n<meta name=\"robots\" content=\"index, follow, max-snippet:-1, max-image-preview:large, max-video-preview:-1\" \/>\n<link rel=\"canonical\" href=\"https:\/\/ujpetre.hu\/wp\/faluelet-2009-09-22-sport-jatszoter-atadas\/\" \/>\n<meta property=\"og:locale\" content=\"hu_HU\" \/>\n<meta property=\"og:type\" content=\"article\" \/>\n<meta property=\"og:title\" content=\"Faluelet - 2009.09.22. Sport jatszoter atadas - \u00daJPETRE\" \/>\n<meta property=\"og:description\" content=\"&hellip; Olvasd tov\u00e1bb &rarr;\" \/>\n<meta property=\"og:url\" content=\"https:\/\/ujpetre.hu\/wp\/faluelet-2009-09-22-sport-jatszoter-atadas\/\" \/>\n<meta property=\"og:site_name\" content=\"\u00daJPETRE\" \/>\n<script type=\"application\/ld+json\" class=\"yoast-schema-graph\">{\"@context\":\"https:\/\/schema.org\",\"@graph\":[{\"@type\":\"WebPage\",\"@id\":\"https:\/\/ujpetre.hu\/wp\/faluelet-2009-09-22-sport-jatszoter-atadas\/\",\"url\":\"https:\/\/ujpetre.hu\/wp\/faluelet-2009-09-22-sport-jatszoter-atadas\/\",\"name\":\"Faluelet - 2009.09.22. Sport jatszoter atadas - \u00daJPETRE\",\"isPartOf\":{\"@id\":\"https:\/\/ujpetre.hu\/wp\/#website\"},\"datePublished\":\"2014-10-09T12:40:29+00:00\",\"dateModified\":\"2014-10-09T12:40:29+00:00\",\"breadcrumb\":{\"@id\":\"https:\/\/ujpetre.hu\/wp\/faluelet-2009-09-22-sport-jatszoter-atadas\/#breadcrumb\"},\"inLanguage\":\"hu\",\"potentialAction\":[{\"@type\":\"ReadAction\",\"target\":[\"https:\/\/ujpetre.hu\/wp\/faluelet-2009-09-22-sport-jatszoter-atadas\/\"]}]},{\"@type\":\"BreadcrumbList\",\"@id\":\"https:\/\/ujpetre.hu\/wp\/faluelet-2009-09-22-sport-jatszoter-atadas\/#breadcrumb\",\"itemListElement\":[{\"@type\":\"ListItem\",\"position\":1,\"name\":\"Kezd\u0151lap\",\"item\":\"https:\/\/ujpetre.hu\/wp\/\"},{\"@type\":\"ListItem\",\"position\":2,\"name\":\"Faluelet &#8211; 2009.09.22. Sport jatszoter atadas\"}]},{\"@type\":\"WebSite\",\"@id\":\"https:\/\/ujpetre.hu\/wp\/#website\",\"url\":\"https:\/\/ujpetre.hu\/wp\/\",\"name\":\"\u00daJPETRE\",\"description\":\"Az \u00dajpetrei \u00d6nkorm\u00e1nyzat hivatalos weboldala\",\"potentialAction\":[{\"@type\":\"SearchAction\",\"target\":{\"@type\":\"EntryPoint\",\"urlTemplate\":\"https:\/\/ujpetre.hu\/wp\/?s={search_term_string}\"},\"query-input\":\"required name=search_term_string\"}],\"inLanguage\":\"hu\"}]}<\/script>\n<!-- \/ Yoast SEO plugin. -->","yoast_head_json":{"title":"Faluelet - 2009.09.22. Sport jatszoter atadas - \u00daJPETRE","robots":{"index":"index","follow":"follow","max-snippet":"max-snippet:-1","max-image-preview":"max-image-preview:large","max-video-preview":"max-video-preview:-1"},"canonical":"https:\/\/ujpetre.hu\/wp\/faluelet-2009-09-22-sport-jatszoter-atadas\/","og_locale":"hu_HU","og_type":"article","og_title":"Faluelet - 2009.09.22. Sport jatszoter atadas - \u00daJPETRE","og_description":"&hellip; Olvasd tov\u00e1bb &rarr;","og_url":"https:\/\/ujpetre.hu\/wp\/faluelet-2009-09-22-sport-jatszoter-atadas\/","og_site_name":"\u00daJPETRE","schema":{"@context":"https:\/\/schema.org","@graph":[{"@type":"WebPage","@id":"https:\/\/ujpetre.hu\/wp\/faluelet-2009-09-22-sport-jatszoter-atadas\/","url":"https:\/\/ujpetre.hu\/wp\/faluelet-2009-09-22-sport-jatszoter-atadas\/","name":"Faluelet - 2009.09.22. Sport jatszoter atadas - \u00daJPETRE","isPartOf":{"@id":"https:\/\/ujpetre.hu\/wp\/#website"},"datePublished":"2014-10-09T12:40:29+00:00","dateModified":"2014-10-09T12:40:29+00:00","breadcrumb":{"@id":"https:\/\/ujpetre.hu\/wp\/faluelet-2009-09-22-sport-jatszoter-atadas\/#breadcrumb"},"inLanguage":"hu","potentialAction":[{"@type":"ReadAction","target":["https:\/\/ujpetre.hu\/wp\/faluelet-2009-09-22-sport-jatszoter-atadas\/"]}]},{"@type":"BreadcrumbList","@id":"https:\/\/ujpetre.hu\/wp\/faluelet-2009-09-22-sport-jatszoter-atadas\/#breadcrumb","itemListElement":[{"@type":"ListItem","position":1,"name":"Kezd\u0151lap","item":"https:\/\/ujpetre.hu\/wp\/"},{"@type":"ListItem","position":2,"name":"Faluelet &#8211; 2009.09.22. Sport jatszoter atadas"}]},{"@type":"WebSite","@id":"https:\/\/ujpetre.hu\/wp\/#website","url":"https:\/\/ujpetre.hu\/wp\/","name":"\u00daJPETRE","description":"Az \u00dajpetrei \u00d6nkorm\u00e1nyzat hivatalos weboldala","potentialAction":[{"@type":"SearchAction","target":{"@type":"EntryPoint","urlTemplate":"https:\/\/ujpetre.hu\/wp\/?s={search_term_string}"},"query-input":"required name=search_term_string"}],"inLanguage":"hu"}]}},"_links":{"self":[{"href":"https:\/\/ujpetre.hu\/wp\/wp-json\/wp\/v2\/pages\/8400"}],"collection":[{"href":"https:\/\/ujpetre.hu\/wp\/wp-json\/wp\/v2\/pages"}],"about":[{"href":"https:\/\/ujpetre.hu\/wp\/wp-json\/wp\/v2\/types\/page"}],"author":[{"embeddable":true,"href":"https:\/\/ujpetre.hu\/wp\/wp-json\/wp\/v2\/users\/3"}],"replies":[{"embeddable":true,"href":"https:\/\/ujpetre.hu\/wp\/wp-json\/wp\/v2\/comments?post=8400"}],"version-history":[{"count":0,"href":"https:\/\/ujpetre.hu\/wp\/wp-json\/wp\/v2\/pages\/8400\/revisions"}],"wp:attachment":[{"href":"https:\/\/ujpetre.hu\/wp\/wp-json\/wp\/v2\/media?parent=8400"}],"curies":[{"name":"wp","href":"https:\/\/api.w.org\/{rel}","templated":true}]}}